{"id":49215,"date":"2018-09-25T09:38:39","date_gmt":"2018-09-25T09:38:39","guid":{"rendered":"https:\/\/estetika-bg.com\/procedures\/removal-of-warts-with-radio-waves-price-recovery\/"},"modified":"2023-05-29T08:04:24","modified_gmt":"2023-05-29T08:04:24","slug":"removal-of-warts","status":"publish","type":"page","link":"https:\/\/estetika-bg.com\/en\/procedures\/removal-of-warts\/","title":{"rendered":"Warts removal"},"content":{"rendered":"<div class=\"fusion-fullwidth fullwidth-box fusion-builder-row-1 fusion-flex-container nonhundred-percent-fullwidth non-hundred-percent-height-scrolling\" style=\"--awb-border-radius-top-left:0px;--awb-border-radius-top-right:0px;--awb-border-radius-bottom-right:0px;--awb-border-radius-bottom-left:0px;--awb-flex-wrap:wrap;\" ><div class=\"fusion-builder-row fusion-row fusion-flex-align-items-flex-start fusion-flex-content-wrap\" style=\"max-width:calc( 1375px + 0px );margin-left: calc(-0px \/ 2 );margin-right: calc(-0px \/ 2 );\"><div class=\"fusion-layout-column fusion_builder_column fusion-builder-column-0 fusion_builder_column_5_6 5_6 fusion-flex-column\" style=\"--awb-padding-top:40px;--awb-padding-right:40px;--awb-padding-bottom:40px;--awb-padding-left:40px;--awb-bg-color:#ffffff;--awb-bg-color-hover:#ffffff;--awb-bg-size:cover;--awb-border-color:#dddddd;--awb-border-top:0;--awb-border-right:0;--awb-border-bottom:0;--awb-border-left:0;--awb-border-style:solid;--awb-width-large:83.333333333333%;--awb-margin-top-large:0px;--awb-spacing-right-large:calc( 0.036 * calc( 100% - 0px ) );--awb-margin-bottom-large:8%;--awb-spacing-left-large:0px;--awb-width-medium:100%;--awb-order-medium:0;--awb-spacing-right-medium:0px;--awb-spacing-left-medium:0px;--awb-width-small:100%;--awb-order-small:0;--awb-spacing-right-small:0px;--awb-spacing-left-small:0px;\"><div class=\"fusion-column-wrapper fusion-column-has-shadow fusion-flex-justify-content-flex-start fusion-content-layout-column\"><div class=\"fusion-text fusion-text-1\"><p><em>Wart removal with radio waves is a painless and effective dermatosurgical method of removing warts from the skin or mucous membrane. The intervention is performed under local anesthesia, and the patient can return to daily activities immediately after the intervention.<\/em><\/p>\n<\/div><div class=\"fusion-text fusion-text-2\"><p>Warts are benign skin growths caused by human papillomaviruses (HPV). As it is a viral disease, with a high possibility of transmission to other parts of the body and a close person, the removal of warts is necessary immediately after they are noticed.<\/p>\n<\/div><div class=\"fusion-separator fusion-full-width-sep\" style=\"align-self: center;margin-left: auto;margin-right: auto;margin-top:30px;width:100%;\"><\/div><div class=\"fusion-image-element \" style=\"--awb-caption-title-font-family:var(--h2_typography-font-family);--awb-caption-title-font-weight:var(--h2_typography-font-weight);--awb-caption-title-font-style:var(--h2_typography-font-style);--awb-caption-title-size:var(--h2_typography-font-size);--awb-caption-title-transform:var(--h2_typography-text-transform);--awb-caption-title-line-height:var(--h2_typography-line-height);--awb-caption-title-letter-spacing:var(--h2_typography-letter-spacing);\"><span class=\" fusion-imageframe imageframe-none imageframe-1 hover-type-none\"><img decoding=\"async\" width=\"800\" height=\"533\" alt=\"bradavice uklanjanje\" title=\"bradavice uklanjanje\" src=\"https:\/\/estetika-bg.com\/wp-content\/uploads\/2022\/12\/bradavice-uklanjanje.jpg\" data-orig-src=\"https:\/\/estetika-bg.com\/wp-content\/uploads\/2022\/12\/bradavice-uklanjanje.jpg\" class=\"lazyload img-responsive wp-image-47845\" srcset=\"data:image\/svg+xml,%3Csvg%20xmlns%3D%27http%3A%2F%2Fwww.w3.org%2F2000%2Fsvg%27%20width%3D%27800%27%20height%3D%27533%27%20viewBox%3D%270%200%20800%20533%27%3E%3Crect%20width%3D%27800%27%20height%3D%27533%27%20fill-opacity%3D%220%22%2F%3E%3C%2Fsvg%3E\" data-srcset=\"https:\/\/estetika-bg.com\/wp-content\/uploads\/2022\/12\/bradavice-uklanjanje-200x133.jpg 200w, https:\/\/estetika-bg.com\/wp-content\/uploads\/2022\/12\/bradavice-uklanjanje-400x267.jpg 400w, https:\/\/estetika-bg.com\/wp-content\/uploads\/2022\/12\/bradavice-uklanjanje-600x400.jpg 600w, https:\/\/estetika-bg.com\/wp-content\/uploads\/2022\/12\/bradavice-uklanjanje.jpg 800w\" data-sizes=\"auto\" data-orig-sizes=\"(max-width: 1024px) 100vw, (max-width: 640px) 100vw, 800px\" \/><\/span><\/div><div class=\"fusion-separator fusion-full-width-sep\" style=\"align-self: center;margin-left: auto;margin-right: auto;margin-top:30px;width:100%;\"><\/div><div class=\"fusion-title title fusion-title-1 fusion-sep-none fusion-title-text fusion-title-size-two\" style=\"--awb-margin-top-small:0px;--awb-margin-right-small:0px;--awb-margin-bottom-small:20px;--awb-margin-left-small:0px;\"><h2 class=\"fusion-title-heading title-heading-left fusion-responsive-typography-calculated\" style=\"margin:0;--fontSize:31;line-height:1.5;\"><h2>Why do warts appear?<\/h2><\/h2><\/div><div class=\"fusion-text fusion-text-3\"><p>Warts are caused by direct contact with an infected person or through contaminated objects. HPV infection is facilitated by damage or injury to the skin. After a skin infection, there is a disruption of the arming of keratinocytes and the appearance of warty bumps on the skin, and several months can pass from the infection to the appearance of warts.<br \/>\nWarts can appear on any part of the body, but they most often appear on the hands, neck, d\u00e9colletage, back and armpits. The appearance of warts on the eyelids is not rare either. They can be circular or cauliflower-shaped, but also flattened. Hanging warts have a stalk on which they hang and most often appear on the neck and in the armpit region, and their removal is very simple.<\/p>\n<\/div><div class=\"fusion-separator fusion-full-width-sep\" style=\"align-self: center;margin-left: auto;margin-right: auto;margin-top:30px;width:100%;\"><\/div><div class=\"fusion-title title fusion-title-2 fusion-sep-none fusion-title-text fusion-title-size-two\" style=\"--awb-margin-top-small:0px;--awb-margin-right-small:0px;--awb-margin-bottom-small:20px;--awb-margin-left-small:0px;\"><h2 class=\"fusion-title-heading title-heading-left fusion-responsive-typography-calculated\" style=\"margin:0;--fontSize:31;line-height:1.5;\"><h2>Removal of warts &#8211; radio waves, lasers and other methods<\/h2><\/h2><\/div><div class=\"fusion-text fusion-text-4\"><p><strong>Wart removal<\/strong> with radio waves is the method of choice. Anesthesia is applied before the intervention, which makes wart removal completely painless. The energy of the radio waves leads to evaporation and the disappearance of the change, and if it is a matter of smaller warts immediately after removal, no trace remains. If the changes are larger, a small scab remains after removing the warts. In the following days, the scab falls off, leaving a pink mark that disappears in the following days without leaving any traces on the skin.<br \/>\n<strong>Laser removal of warts<\/strong> is carried out according to the same principle as radio wave, i.e. laser energy causes the wart to evaporate and disappear without a scar. The only disadvantage of this method compared to radio waves is the impossibility of removing warts directly around the eye.<\/p>\n<\/div><div class=\"fusion-separator fusion-full-width-sep\" style=\"align-self: center;margin-left: auto;margin-right: auto;margin-top:30px;width:100%;\"><\/div><div class=\"fusion-title title fusion-title-3 fusion-sep-none fusion-title-text fusion-title-size-two\" style=\"--awb-margin-top-small:0px;--awb-margin-right-small:0px;--awb-margin-bottom-small:20px;--awb-margin-left-small:0px;\"><h2 class=\"fusion-title-heading title-heading-left fusion-responsive-typography-calculated\" style=\"margin:0;--fontSize:31;line-height:1.5;\"><h2>What does radio wave removal of warts look like?<\/h2><\/h2><\/div><div class=\"fusion-text fusion-text-5\"><p>Many patients are concerned about whether wart removal is painful, but the treatment is completely painless thanks to local anesthesia. After the treatment, an antibacterial ointment or powder is applied, and a patch can be applied to larger changes after removal, which can be removed the next day. As we have already written, the recovery is quick and comes down to a scab that falls off in 7 days and leaves young, pinkish skin that matures and acquires a normal color in the following days.<\/p>\n<\/div><div class=\"fusion-separator fusion-full-width-sep\" style=\"align-self: center;margin-left: auto;margin-right: auto;margin-top:30px;width:100%;\"><\/div><div class=\"fusion-title title fusion-title-4 fusion-sep-none fusion-title-text fusion-title-size-two\" style=\"--awb-margin-top-small:0px;--awb-margin-right-small:0px;--awb-margin-bottom-small:20px;--awb-margin-left-small:0px;\"><h2 class=\"fusion-title-heading title-heading-left fusion-responsive-typography-calculated\" style=\"margin:0;--fontSize:31;line-height:1.5;\"><h2>How should I behave after removing warts?<\/h2><\/h2><\/div><div class=\"fusion-text fusion-text-6\"><p>You will receive precise instructions from your doctor. Usually, in the first days after the intervention, antibiotic ointment or powder is used after washing the region with soap, and after the scab falls off, regenerative creams such as Cicaplast b5 balm or Cicabio cream can be used for a faster disappearance of redness. During recovery, it is important not to touch the places where the thread changes were removed. Avoid dusty jobs, saunas, swimming pools and spas until the scab falls off. After the scab falls off, young skin is very sensitive to solar radiation, so if it is a sun-exposed region, it is necessary to use SPF50 for 1-2 months.<\/p>\n<\/div><div class=\"fusion-separator fusion-full-width-sep\" style=\"align-self: center;margin-left: auto;margin-right: auto;margin-top:30px;width:100%;\"><\/div><div class=\"fusion-title title fusion-title-5 fusion-sep-none fusion-title-text fusion-title-size-two\" style=\"--awb-margin-top-small:0px;--awb-margin-right-small:0px;--awb-margin-bottom-small:20px;--awb-margin-left-small:0px;\"><h2 class=\"fusion-title-heading title-heading-left fusion-responsive-typography-calculated\" style=\"margin:0;--fontSize:31;line-height:1.5;\"><h2>Are there other ways to remove warts?<\/h2><\/h2><\/div><div class=\"fusion-text fusion-text-7\"><p>Previously, removal of warts with liquid nitrogen (cryotherapy) was widely used. With cryotherapy, the changes are frozen and fall off. However, this method has numerous disadvantages, including significant damage to the surrounding tissue, the formation of scars, and the impossibility of treating deeper-seated warts.<br \/>\nVery small warts can be very carefully treated with keratolytic solutions such as salicylic acid. This treatment is carried out at home, and the preparation must be applied precisely to the wart, otherwise it can damage the surrounding, healthy skin and cause pigmentation.<\/p>\n<\/div><div class=\"fusion-separator fusion-full-width-sep\" style=\"align-self: center;margin-left: auto;margin-right: auto;margin-top:30px;width:100%;\"><\/div><div class=\"fusion-title title fusion-title-6 fusion-sep-none fusion-title-text fusion-title-size-two\" style=\"--awb-margin-top-small:0px;--awb-margin-right-small:0px;--awb-margin-bottom-small:20px;--awb-margin-left-small:0px;\"><h2 class=\"fusion-title-heading title-heading-left fusion-responsive-typography-calculated\" style=\"margin:0;--fontSize:31;line-height:1.5;\"><h2>How can I prevent warts?<\/h2><\/h2><\/div><div class=\"fusion-text fusion-text-8\"><p>Warts can be spread by shaking hands with someone who has warts or by coming into contact with surfaces that have the virus (gyms, communal showers, toilets). However, in order for the virus to be transmitted, there must be places where the skin is damaged, such as scratches, cuts, cracked skin, etc. The main prevention is to protect the damaged parts of the skin with a plaster, and to frequently wash hands and disinfect items for common use.<\/p>\n<\/div><div class=\"fusion-separator fusion-full-width-sep\" style=\"align-self: center;margin-left: auto;margin-right: auto;margin-top:30px;width:100%;\"><\/div><div class=\"fusion-title title fusion-title-7 fusion-sep-none fusion-title-text fusion-title-size-two\" style=\"--awb-margin-top-small:0px;--awb-margin-right-small:0px;--awb-margin-bottom-small:20px;--awb-margin-left-small:0px;\"><h2 class=\"fusion-title-heading title-heading-left fusion-responsive-typography-calculated\" style=\"margin:0;--fontSize:31;line-height:1.5;\"><h2>Removal of warts with radio waves &#8211; price?<\/h2><\/h2><\/div><div class=\"fusion-separator fusion-full-width-sep\" style=\"align-self: center;margin-left: auto;margin-right: auto;margin-top:30px;width:100%;\"><\/div><div class=\"fusion-text fusion-text-9\"><p>For any additional questions, call us at <strong><a href=\"tel:0642370707\">064\/247-0707<\/a> .<\/strong><\/p>\n<\/div><\/div><\/div><\/div><\/div>\n","protected":false},"excerpt":{"rendered":"","protected":false},"author":1,"featured_media":47211,"parent":48496,"menu_order":40,"comment_status":"closed","ping_status":"closed","template":"100-width.php","meta":{"footnotes":""},"class_list":["post-49215","page","type-page","status-publish","has-post-thumbnail","hentry"],"yoast_head":"<!-- This site is optimized with the Yoast SEO Premium plugin v27.3 (Yoast SEO v27.3) - https:\/\/yoast.com\/product\/yoast-seo-premium-wordpress\/ -->\n<title>Warts removal : treatment, effects, prices | Dr Milo\u0161 \u017divkovi\u0107<\/title>\n<meta name=\"description\" content=\"Wart removal with radio waves is a painless and effective dermatosurgical method of removing warts from the skin or mucous membrane.\" \/>\n<meta name=\"robots\" content=\"index, follow, max-snippet:-1, max-image-preview:large, max-video-preview:-1\" \/>\n<link rel=\"canonical\" href=\"https:\/\/estetika-bg.com\/en\/procedures\/removal-of-warts\/\" \/>\n<script type=\"application\/ld+json\" class=\"yoast-schema-graph\">{\"@context\":\"https:\\\/\\\/schema.org\",\"@graph\":[{\"@type\":\"WebPage\",\"@id\":\"https:\\\/\\\/estetika-bg.com\\\/en\\\/procedures\\\/removal-of-warts\\\/\",\"url\":\"https:\\\/\\\/estetika-bg.com\\\/en\\\/procedures\\\/removal-of-warts\\\/\",\"name\":\"Warts removal : treatment, effects, prices | Dr Milo\u0161 \u017divkovi\u0107\",\"isPartOf\":{\"@id\":\"https:\\\/\\\/estetika-bg.com\\\/en\\\/#website\"},\"primaryImageOfPage\":{\"@id\":\"https:\\\/\\\/estetika-bg.com\\\/en\\\/procedures\\\/removal-of-warts\\\/#primaryimage\"},\"image\":{\"@id\":\"https:\\\/\\\/estetika-bg.com\\\/en\\\/procedures\\\/removal-of-warts\\\/#primaryimage\"},\"thumbnailUrl\":\"https:\\\/\\\/estetika-bg.com\\\/wp-content\\\/uploads\\\/2021\\\/11\\\/uklanjanje-bradavica.jpg\",\"datePublished\":\"2018-09-25T09:38:39+00:00\",\"dateModified\":\"2023-05-29T08:04:24+00:00\",\"description\":\"Wart removal with radio waves is a painless and effective dermatosurgical method of removing warts from the skin or mucous membrane.\",\"breadcrumb\":{\"@id\":\"https:\\\/\\\/estetika-bg.com\\\/en\\\/procedures\\\/removal-of-warts\\\/#breadcrumb\"},\"inLanguage\":\"en-US\",\"potentialAction\":[{\"@type\":\"ReadAction\",\"target\":[\"https:\\\/\\\/estetika-bg.com\\\/en\\\/procedures\\\/removal-of-warts\\\/\"]}]},{\"@type\":\"ImageObject\",\"inLanguage\":\"en-US\",\"@id\":\"https:\\\/\\\/estetika-bg.com\\\/en\\\/procedures\\\/removal-of-warts\\\/#primaryimage\",\"url\":\"https:\\\/\\\/estetika-bg.com\\\/wp-content\\\/uploads\\\/2021\\\/11\\\/uklanjanje-bradavica.jpg\",\"contentUrl\":\"https:\\\/\\\/estetika-bg.com\\\/wp-content\\\/uploads\\\/2021\\\/11\\\/uklanjanje-bradavica.jpg\",\"width\":2560,\"height\":792,\"caption\":\"uklanjanje bradavica\"},{\"@type\":\"BreadcrumbList\",\"@id\":\"https:\\\/\\\/estetika-bg.com\\\/en\\\/procedures\\\/removal-of-warts\\\/#breadcrumb\",\"itemListElement\":[{\"@type\":\"ListItem\",\"position\":1,\"name\":\"Po\u010detna\",\"item\":\"https:\\\/\\\/estetika-bg.com\\\/en\\\/\"},{\"@type\":\"ListItem\",\"position\":2,\"name\":\"Aesthetic and antiaging procedures\",\"item\":\"https:\\\/\\\/estetika-bg.com\\\/en\\\/procedures\\\/\"},{\"@type\":\"ListItem\",\"position\":3,\"name\":\"Warts removal\"}]},{\"@type\":\"WebSite\",\"@id\":\"https:\\\/\\\/estetika-bg.com\\\/en\\\/#website\",\"url\":\"https:\\\/\\\/estetika-bg.com\\\/en\\\/\",\"name\":\"Dr Milo\u0161 \u017divkovi\u0107\",\"description\":\"Estetska i antiage medicina | Hijaluronski fileri | Pove\u0107avanje i popunjavanje usana  | Uklanjanje podo\u010dnjaka i bora | Lifting lica| Podmla\u0111ivanje\",\"publisher\":{\"@id\":\"https:\\\/\\\/estetika-bg.com\\\/en\\\/#organization\"},\"alternateName\":\"Estetska medicina Beograd\",\"potentialAction\":[{\"@type\":\"SearchAction\",\"target\":{\"@type\":\"EntryPoint\",\"urlTemplate\":\"https:\\\/\\\/estetika-bg.com\\\/en\\\/?s={search_term_string}\"},\"query-input\":{\"@type\":\"PropertyValueSpecification\",\"valueRequired\":true,\"valueName\":\"search_term_string\"}}],\"inLanguage\":\"en-US\"},{\"@type\":\"Organization\",\"@id\":\"https:\\\/\\\/estetika-bg.com\\\/en\\\/#organization\",\"name\":\"Estetska i antiage medicina Beograd\",\"alternateName\":\"Estetska medicina Beograd\",\"url\":\"https:\\\/\\\/estetika-bg.com\\\/en\\\/\",\"logo\":{\"@type\":\"ImageObject\",\"inLanguage\":\"en-US\",\"@id\":\"https:\\\/\\\/estetika-bg.com\\\/en\\\/#\\\/schema\\\/logo\\\/image\\\/\",\"url\":\"https:\\\/\\\/estetika-bg.com\\\/wp-content\\\/uploads\\\/2021\\\/05\\\/DR-MILOS-ZIVKOVIC.png\",\"contentUrl\":\"https:\\\/\\\/estetika-bg.com\\\/wp-content\\\/uploads\\\/2021\\\/05\\\/DR-MILOS-ZIVKOVIC.png\",\"width\":307,\"height\":59,\"caption\":\"Estetska i antiage medicina Beograd\"},\"image\":{\"@id\":\"https:\\\/\\\/estetika-bg.com\\\/en\\\/#\\\/schema\\\/logo\\\/image\\\/\"},\"sameAs\":[\"https:\\\/\\\/www.facebook.com\\\/drMilosZivkovic\\\/\",\"https:\\\/\\\/www.instagram.com\\\/drmiloszivkovic\\\/\",\"https:\\\/\\\/www.youtube.com\\\/channel\\\/UCAhAWPGLOriEpIWK5WIvi-Q\",\"https:\\\/\\\/www.tiktok.com\\\/@dr_miloszivkovic\\\/\"]}]}<\/script>\n<!-- \/ Yoast SEO Premium plugin. -->","yoast_head_json":{"title":"Warts removal : treatment, effects, prices | Dr Milo\u0161 \u017divkovi\u0107","description":"Wart removal with radio waves is a painless and effective dermatosurgical method of removing warts from the skin or mucous membrane.","robots":{"index":"index","follow":"follow","max-snippet":"max-snippet:-1","max-image-preview":"max-image-preview:large","max-video-preview":"max-video-preview:-1"},"canonical":"https:\/\/estetika-bg.com\/en\/procedures\/removal-of-warts\/","schema":{"@context":"https:\/\/schema.org","@graph":[{"@type":"WebPage","@id":"https:\/\/estetika-bg.com\/en\/procedures\/removal-of-warts\/","url":"https:\/\/estetika-bg.com\/en\/procedures\/removal-of-warts\/","name":"Warts removal : treatment, effects, prices | Dr Milo\u0161 \u017divkovi\u0107","isPartOf":{"@id":"https:\/\/estetika-bg.com\/en\/#website"},"primaryImageOfPage":{"@id":"https:\/\/estetika-bg.com\/en\/procedures\/removal-of-warts\/#primaryimage"},"image":{"@id":"https:\/\/estetika-bg.com\/en\/procedures\/removal-of-warts\/#primaryimage"},"thumbnailUrl":"https:\/\/estetika-bg.com\/wp-content\/uploads\/2021\/11\/uklanjanje-bradavica.jpg","datePublished":"2018-09-25T09:38:39+00:00","dateModified":"2023-05-29T08:04:24+00:00","description":"Wart removal with radio waves is a painless and effective dermatosurgical method of removing warts from the skin or mucous membrane.","breadcrumb":{"@id":"https:\/\/estetika-bg.com\/en\/procedures\/removal-of-warts\/#breadcrumb"},"inLanguage":"en-US","potentialAction":[{"@type":"ReadAction","target":["https:\/\/estetika-bg.com\/en\/procedures\/removal-of-warts\/"]}]},{"@type":"ImageObject","inLanguage":"en-US","@id":"https:\/\/estetika-bg.com\/en\/procedures\/removal-of-warts\/#primaryimage","url":"https:\/\/estetika-bg.com\/wp-content\/uploads\/2021\/11\/uklanjanje-bradavica.jpg","contentUrl":"https:\/\/estetika-bg.com\/wp-content\/uploads\/2021\/11\/uklanjanje-bradavica.jpg","width":2560,"height":792,"caption":"uklanjanje bradavica"},{"@type":"BreadcrumbList","@id":"https:\/\/estetika-bg.com\/en\/procedures\/removal-of-warts\/#breadcrumb","itemListElement":[{"@type":"ListItem","position":1,"name":"Po\u010detna","item":"https:\/\/estetika-bg.com\/en\/"},{"@type":"ListItem","position":2,"name":"Aesthetic and antiaging procedures","item":"https:\/\/estetika-bg.com\/en\/procedures\/"},{"@type":"ListItem","position":3,"name":"Warts removal"}]},{"@type":"WebSite","@id":"https:\/\/estetika-bg.com\/en\/#website","url":"https:\/\/estetika-bg.com\/en\/","name":"Dr Milo\u0161 \u017divkovi\u0107","description":"Estetska i antiage medicina | Hijaluronski fileri | Pove\u0107avanje i popunjavanje usana  | Uklanjanje podo\u010dnjaka i bora | Lifting lica| Podmla\u0111ivanje","publisher":{"@id":"https:\/\/estetika-bg.com\/en\/#organization"},"alternateName":"Estetska medicina Beograd","potentialAction":[{"@type":"SearchAction","target":{"@type":"EntryPoint","urlTemplate":"https:\/\/estetika-bg.com\/en\/?s={search_term_string}"},"query-input":{"@type":"PropertyValueSpecification","valueRequired":true,"valueName":"search_term_string"}}],"inLanguage":"en-US"},{"@type":"Organization","@id":"https:\/\/estetika-bg.com\/en\/#organization","name":"Estetska i antiage medicina Beograd","alternateName":"Estetska medicina Beograd","url":"https:\/\/estetika-bg.com\/en\/","logo":{"@type":"ImageObject","inLanguage":"en-US","@id":"https:\/\/estetika-bg.com\/en\/#\/schema\/logo\/image\/","url":"https:\/\/estetika-bg.com\/wp-content\/uploads\/2021\/05\/DR-MILOS-ZIVKOVIC.png","contentUrl":"https:\/\/estetika-bg.com\/wp-content\/uploads\/2021\/05\/DR-MILOS-ZIVKOVIC.png","width":307,"height":59,"caption":"Estetska i antiage medicina Beograd"},"image":{"@id":"https:\/\/estetika-bg.com\/en\/#\/schema\/logo\/image\/"},"sameAs":["https:\/\/www.facebook.com\/drMilosZivkovic\/","https:\/\/www.instagram.com\/drmiloszivkovic\/","https:\/\/www.youtube.com\/channel\/UCAhAWPGLOriEpIWK5WIvi-Q","https:\/\/www.tiktok.com\/@dr_miloszivkovic\/"]}]}},"_links":{"self":[{"href":"https:\/\/estetika-bg.com\/en\/wp-json\/wp\/v2\/pages\/49215","targetHints":{"allow":["GET"]}}],"collection":[{"href":"https:\/\/estetika-bg.com\/en\/wp-json\/wp\/v2\/pages"}],"about":[{"href":"https:\/\/estetika-bg.com\/en\/wp-json\/wp\/v2\/types\/page"}],"author":[{"embeddable":true,"href":"https:\/\/estetika-bg.com\/en\/wp-json\/wp\/v2\/users\/1"}],"replies":[{"embeddable":true,"href":"https:\/\/estetika-bg.com\/en\/wp-json\/wp\/v2\/comments?post=49215"}],"version-history":[{"count":0,"href":"https:\/\/estetika-bg.com\/en\/wp-json\/wp\/v2\/pages\/49215\/revisions"}],"up":[{"embeddable":true,"href":"https:\/\/estetika-bg.com\/en\/wp-json\/wp\/v2\/pages\/48496"}],"wp:featuredmedia":[{"embeddable":true,"href":"https:\/\/estetika-bg.com\/en\/wp-json\/wp\/v2\/media\/47211"}],"wp:attachment":[{"href":"https:\/\/estetika-bg.com\/en\/wp-json\/wp\/v2\/media?parent=49215"}],"curies":[{"name":"wp","href":"https:\/\/api.w.org\/{rel}","templated":true}]}}