{"id":48975,"date":"2018-09-25T09:33:35","date_gmt":"2018-09-25T09:33:35","guid":{"rendered":"https:\/\/estetika-bg.com\/procedures\/keloid-keloid-scars-how-to-remove-them\/"},"modified":"2023-05-28T21:59:06","modified_gmt":"2023-05-28T21:59:06","slug":"keloid-keloid-scars","status":"publish","type":"page","link":"https:\/\/estetika-bg.com\/en\/procedures\/keloid-keloid-scars\/","title":{"rendered":"Keloid and keloid scars"},"content":{"rendered":"<div class=\"fusion-fullwidth fullwidth-box fusion-builder-row-1 fusion-flex-container nonhundred-percent-fullwidth non-hundred-percent-height-scrolling\" style=\"--awb-border-radius-top-left:0px;--awb-border-radius-top-right:0px;--awb-border-radius-bottom-right:0px;--awb-border-radius-bottom-left:0px;--awb-flex-wrap:wrap;\" ><div class=\"fusion-builder-row fusion-row fusion-flex-align-items-flex-start fusion-flex-content-wrap\" style=\"max-width:calc( 1375px + 0px );margin-left: calc(-0px \/ 2 );margin-right: calc(-0px \/ 2 );\"><div class=\"fusion-layout-column fusion_builder_column fusion-builder-column-0 fusion_builder_column_5_6 5_6 fusion-flex-column\" style=\"--awb-padding-top:40px;--awb-padding-right:40px;--awb-padding-bottom:40px;--awb-padding-left:40px;--awb-bg-color:#ffffff;--awb-bg-color-hover:#ffffff;--awb-bg-size:cover;--awb-border-color:#dddddd;--awb-border-top:0;--awb-border-right:0;--awb-border-bottom:0;--awb-border-left:0;--awb-border-style:solid;--awb-width-large:83.333333333333%;--awb-margin-top-large:0px;--awb-spacing-right-large:calc( 0.036 * calc( 100% - 0px ) );--awb-margin-bottom-large:8%;--awb-spacing-left-large:0px;--awb-width-medium:100%;--awb-order-medium:0;--awb-spacing-right-medium:0px;--awb-spacing-left-medium:0px;--awb-width-small:100%;--awb-order-small:0;--awb-spacing-right-small:0px;--awb-spacing-left-small:0px;\"><div class=\"fusion-column-wrapper fusion-column-has-shadow fusion-flex-justify-content-flex-start fusion-content-layout-column\"><div class=\"fusion-text fusion-text-1\"><p>Keloids and hypertrophic scars require effective treatment to permanently remove them from the skin. We successfully solve this aesthetic problem using modern lasers such as Candela CO2 and Dye VL.<\/p>\n<\/div><div class=\"fusion-separator fusion-full-width-sep\" style=\"align-self: center;margin-left: auto;margin-right: auto;margin-top:30px;width:100%;\"><\/div><div class=\"fusion-image-element \" style=\"--awb-caption-title-font-family:var(--h2_typography-font-family);--awb-caption-title-font-weight:var(--h2_typography-font-weight);--awb-caption-title-font-style:var(--h2_typography-font-style);--awb-caption-title-size:var(--h2_typography-font-size);--awb-caption-title-transform:var(--h2_typography-text-transform);--awb-caption-title-line-height:var(--h2_typography-line-height);--awb-caption-title-letter-spacing:var(--h2_typography-letter-spacing);\"><span class=\" fusion-imageframe imageframe-none imageframe-1 hover-type-none\"><img decoding=\"async\" width=\"800\" height=\"533\" alt=\"keloids keloid scars\" title=\"keloid keloidni o\u017eiljci\" src=\"https:\/\/estetika-bg.com\/wp-content\/uploads\/2022\/12\/keloid-keloidni-oziljci.jpg\" data-orig-src=\"https:\/\/estetika-bg.com\/wp-content\/uploads\/2022\/12\/keloid-keloidni-oziljci.jpg\" class=\"lazyload img-responsive wp-image-47833\" srcset=\"data:image\/svg+xml,%3Csvg%20xmlns%3D%27http%3A%2F%2Fwww.w3.org%2F2000%2Fsvg%27%20width%3D%27800%27%20height%3D%27533%27%20viewBox%3D%270%200%20800%20533%27%3E%3Crect%20width%3D%27800%27%20height%3D%27533%27%20fill-opacity%3D%220%22%2F%3E%3C%2Fsvg%3E\" data-srcset=\"https:\/\/estetika-bg.com\/wp-content\/uploads\/2022\/12\/keloid-keloidni-oziljci-200x133.jpg 200w, https:\/\/estetika-bg.com\/wp-content\/uploads\/2022\/12\/keloid-keloidni-oziljci-400x267.jpg 400w, https:\/\/estetika-bg.com\/wp-content\/uploads\/2022\/12\/keloid-keloidni-oziljci-600x400.jpg 600w, https:\/\/estetika-bg.com\/wp-content\/uploads\/2022\/12\/keloid-keloidni-oziljci.jpg 800w\" data-sizes=\"auto\" data-orig-sizes=\"(max-width: 1024px) 100vw, (max-width: 640px) 100vw, 800px\" \/><\/span><\/div><div class=\"fusion-separator fusion-full-width-sep\" style=\"align-self: center;margin-left: auto;margin-right: auto;margin-top:30px;width:100%;\"><\/div><div class=\"fusion-title title fusion-title-1 fusion-sep-none fusion-title-text fusion-title-size-two\" style=\"--awb-margin-top-small:0px;--awb-margin-right-small:0px;--awb-margin-bottom-small:20px;--awb-margin-left-small:0px;\"><h2 class=\"fusion-title-heading title-heading-left fusion-responsive-typography-calculated\" style=\"margin:0;--fontSize:31;line-height:1.5;\"><h2>What are keloids and hypertrophic scars?<\/h2><\/h2><\/div><div class=\"fusion-text fusion-text-2\"><p>Whether they are on the face or the body, scars represent a major aesthetic problem and impair the patient&#8217;s self-confidence. Scars occur as a result of injury, trauma, after surgery, inflammation, infection or other damage to the skin. During the healing process, the connective tissue in that place loses its function. The new connective tissue that replaces the damage cannot fully compensate for the loss, and this is where a scar forms. Depending on how the skin heals, the scar can be flush with the skin or above its surface, linear or wide.<br \/>\nAt the place where the skin has atrophied, atrophic scars appear, which are most often the result of inadequate treatment of acne and pimples. They look like small depressions in the skin and we can distinguish several types of atrophic scars: <i>icepick<\/i> (they are narrow and deep in the skin), <i>boxscar<\/i> (they have sharp edges), <i>rolling<\/i> (small circular scars). Atrophic scars also include <a href=\"https:\/\/estetika-bg.com\/en\/procedures\/stretch-marks\/\">stretch marks.<\/a><br \/>\nUnlike atrophic scars that are below the surface of the skin, the other two categories of scars form above the surface of the skin. These are keloids and hypertrophic scars.<\/p>\n<h5 style=\"font-size: 21px;\" data-fusion-font=\"true\">Keloid scars<\/h5>\n<p>Keloids or keloid scars are characterized by the following: their color is pinkish to red, they are smooth and hard to the touch, they are raised above the level of the skin, they are irregularly shaped and larger than the wound itself. They can be sensitive, often accompanied by itching and pain.<br \/>\nKeloid scars are caused by abnormal proliferation of scar tissue. During wound healing, there is an overproduction of collagen fibers that attempt to heal the wound. As a result, it happens that these fibers grow over the edge of the wound and thus visible traces in the form of keloid are created. They are most often formed after some trauma such as a burn, after bacterial infections of the skin, as a result of acne or in a postoperative scar. They form even over months, at first they are red-brown, and later pink to red in color. They mostly appear on the face (most often on the chin and lower part of the jaw), in the area of the earlobe, on the neck, chest and upper back. If they appear spontaneously, it is assumed that they are the result of a certain microtrauma that the patient did not even notice.<\/p>\n<h5><span style=\"font-size: 21px;\" data-fusion-font=\"true\">Hypertrophic scars<\/span><\/h5>\n<p>And this category of scars occurs above the skin level, they look like bumps. They are made of tissue that has thickened over time and is different from the surrounding, healthy tissue. The collagen in this type of tissue is not arranged in bundles, as is the case with healthy skin, but is irregularly distributed. Hypertrophic scars are most often the result of an injury or occur at the site of an incision, after surgery. The edges of such scars are straight, and their color is red to purple. They are hard to the touch and can be painful, and the skin in these places is dry and dehydrated.<\/p>\n<\/div><div class=\"fusion-separator fusion-full-width-sep\" style=\"align-self: center;margin-left: auto;margin-right: auto;margin-top:30px;width:100%;\"><\/div><div class=\"fusion-title title fusion-title-2 fusion-sep-none fusion-title-text fusion-title-size-two\" style=\"--awb-margin-top-small:0px;--awb-margin-right-small:0px;--awb-margin-bottom-small:20px;--awb-margin-left-small:0px;\"><h2 class=\"fusion-title-heading title-heading-left fusion-responsive-typography-calculated\" style=\"margin:0;--fontSize:31;line-height:1.5;\"><h2>Laser treatment for keloids and hypertrophic scars<\/h2><\/h2><\/div><div class=\"fusion-text fusion-text-3\"><p>First of all, it is important to note that the treatment of keloid and hypertrophic scars always represents a great challenge and requires patience from the patient. Both types of scars are above the surface of the skin, which means that there is more or less excess connective tissue that needs to be removed. Removing keloid is more demanding than treating hypertrophic scars, because they are usually larger than the wound itself.<br \/>\nTherefore, the only adequate way to treat these types of scars, which gives effective results, is <a href=\"https:\/\/estetika-bg.com\/en\/procedures\/laser-scars-treatment\/\">laser scar removal.<\/a> Laser scar treatment has numerous benefits. First of all, it is a non-surgical, minimally invasive procedure. With the latest generation lasers, we gradually perform ablation, that is, we remove the scar tissue. The biostimulating and therapeutic effect of the laser regenerates the skin in its deeper layers, and the scar tissue is filled with new, young skin. This is why lasers have an effective antiaging effect, and you can find out everything about laser rejuvenation <a href=\"https:\/\/estetika-bg.com\/en\/co2-laser-skin-tightening\/\">here.<\/a><\/p>\n<\/div><div class=\"fusion-separator fusion-full-width-sep\" style=\"align-self: center;margin-left: auto;margin-right: auto;margin-top:30px;width:100%;\"><\/div><div class=\"fusion-title title fusion-title-3 fusion-sep-none fusion-title-text fusion-title-size-two\" style=\"--awb-margin-top-small:0px;--awb-margin-right-small:0px;--awb-margin-bottom-small:20px;--awb-margin-left-small:0px;\"><h2 class=\"fusion-title-heading title-heading-left fusion-responsive-typography-calculated\" style=\"margin:0;--fontSize:31;line-height:1.5;\"><h2>Choice of lasers<\/h2><\/h2><\/div><div class=\"fusion-text fusion-text-4\"><p>The appearance, condition and type of scar are key to choosing a laser. During the examination, our doctors will look at all the elements that led to the formation of a scar in the first place: how long the scar has been present on the skin, what it looks like, its color.<br \/>\nAfter that, we will determine the treatment protocol: which laser will be used and how many treatments will be needed for the scar to disappear completely. The results we achieve in laser scar removal are long-term, and the treatments are comfortable and completely safe for the patient. To reduce the scars themselves, the first choice is always the Candela CO2 laser. To eliminate the red color of scars, we apply the Alma Harmony Dye Vl laser.<\/p>\n<h5 style=\"font-size: 21px;\" data-fusion-font=\"true\">Candela CO2 laser for scar reduction<\/h5>\n<p>When we talk about the removal of keloids and hypertrophic scars, the gold standard in this field is the fractionated Candela CO2 laser.<br \/>\nThe laser is ablative, which means that we remove the surface layer of the scar by gradual ablation. With the thermal effect and heating of the deeper layers of the skin, we stimulate the synthesis <a href=\"https:\/\/estetika-bg.com\/en\/collagen-supplements-and-treatments\/\">of collagen<\/a> and thus restore the connective tissue.<br \/>\nThe fractionated (split) laser beam penetrates very deep into the very structure of the scar and gradually removes the damaged tissue, while leaving the surrounding skin unharmed.<br \/>\nCO2 is a medical laser that has four different levels of operation, fully adapted to the different needs of patients. While removing damaged tissue, the laser stimulates the production of collagen and elastin. The tissue slowly regenerates, and the scar shrinks and gradually disappears. In addition to keloids and hypertrophic scars, it can also be used to treat atrophic scars, acne scars and stretch marks.<br \/>\nThe treatment itself can cause discomfort in patients and burning on the skin, which is why we apply an anesthetic cream to numb the skin and make the process as painless as possible. We perform CO2 laser treatments from autumn to early spring, when the level of UV radiation is the lowest. Recovery takes about two weeks. The number of treatments will be determined by the doctor, depending on the degree of skin damage, size and type of scar. Learn more about the CO2 laser <a href=\"https:\/\/estetika-bg.com\/en\/procedures\/co2-laser\/\">here.<\/a><\/p>\n<h5><span style=\"font-size: 21px;\" data-fusion-font=\"true\">Dye VL laser for the red color of scars<\/span><\/h5>\n<p>Dye Vl pro laser is part of the modern <a href=\"https:\/\/estetika-bg.com\/en\/procedures\/alma-harmony-xl-pro-laser\/\">Harmony XL Pro<\/a> medical platform. It is effective in treating red scars, but it also successfully treats skin redness, hyperpigmentation, rosacea, and dilated capillaries. The laser beam with a length of 500 to 600 nm is absorbed in the pigment that causes redness and breaks it down, thus making the scar lighter.<br \/>\nLaser remodels collagen fibers, improve skin tone and quality, increase skin immunity and it becomes more resistant to external influences. For optimal results, it is usually necessary to do a series of three to six treatments. We perform treatments with this laser during autumn and winter, until early spring. Learn more about the DYE Vl laser <a href=\"https:\/\/estetika-bg.com\/en\/procedures\/dye-vl-pro\/\">here<\/a>.<\/p>\n<\/div><div class=\"fusion-separator fusion-full-width-sep\" style=\"align-self: center;margin-left: auto;margin-right: auto;margin-top:30px;width:100%;\"><\/div><div class=\"fusion-image-element \" style=\"--awb-caption-title-font-family:var(--h2_typography-font-family);--awb-caption-title-font-weight:var(--h2_typography-font-weight);--awb-caption-title-font-style:var(--h2_typography-font-style);--awb-caption-title-size:var(--h2_typography-font-size);--awb-caption-title-transform:var(--h2_typography-text-transform);--awb-caption-title-line-height:var(--h2_typography-line-height);--awb-caption-title-letter-spacing:var(--h2_typography-letter-spacing);\"><span class=\" fusion-imageframe imageframe-none imageframe-2 hover-type-none\"><img decoding=\"async\" width=\"800\" height=\"533\" alt=\"keloid keloid scars co2 laser\" title=\"keloidi uklanjanje laserom\" src=\"https:\/\/estetika-bg.com\/wp-content\/uploads\/2022\/12\/keloidi-uklanjanje-laserom.jpg\" data-orig-src=\"https:\/\/estetika-bg.com\/wp-content\/uploads\/2022\/12\/keloidi-uklanjanje-laserom.jpg\" class=\"lazyload img-responsive wp-image-47835\" srcset=\"data:image\/svg+xml,%3Csvg%20xmlns%3D%27http%3A%2F%2Fwww.w3.org%2F2000%2Fsvg%27%20width%3D%27800%27%20height%3D%27533%27%20viewBox%3D%270%200%20800%20533%27%3E%3Crect%20width%3D%27800%27%20height%3D%27533%27%20fill-opacity%3D%220%22%2F%3E%3C%2Fsvg%3E\" data-srcset=\"https:\/\/estetika-bg.com\/wp-content\/uploads\/2022\/12\/keloidi-uklanjanje-laserom-200x133.jpg 200w, https:\/\/estetika-bg.com\/wp-content\/uploads\/2022\/12\/keloidi-uklanjanje-laserom-400x267.jpg 400w, https:\/\/estetika-bg.com\/wp-content\/uploads\/2022\/12\/keloidi-uklanjanje-laserom-600x400.jpg 600w, https:\/\/estetika-bg.com\/wp-content\/uploads\/2022\/12\/keloidi-uklanjanje-laserom.jpg 800w\" data-sizes=\"auto\" data-orig-sizes=\"(max-width: 1024px) 100vw, (max-width: 640px) 100vw, 800px\" \/><\/span><\/div><div class=\"fusion-separator fusion-full-width-sep\" style=\"align-self: center;margin-left: auto;margin-right: auto;margin-top:30px;width:100%;\"><\/div><div class=\"fusion-title title fusion-title-4 fusion-sep-none fusion-title-text fusion-title-size-two\" style=\"--awb-margin-top-small:0px;--awb-margin-right-small:0px;--awb-margin-bottom-small:20px;--awb-margin-left-small:0px;\"><h2 class=\"fusion-title-heading title-heading-left fusion-responsive-typography-calculated\" style=\"margin:0;--fontSize:31;line-height:1.5;\"><h2>\u00a0contraindications<\/h2><\/h2><\/div><div class=\"fusion-text fusion-text-5\"><p>Laser scar treatment is not intended for people with malignant diseases, epilepsy, thyroid gland disorders, as well as for pregnant and breastfeeding women. It is important to mention to the doctor if you have a disease or are taking a certain therapy.<\/p>\n<\/div><div class=\"fusion-separator fusion-full-width-sep\" style=\"align-self: center;margin-left: auto;margin-right: auto;margin-top:30px;width:100%;\"><\/div><div class=\"fusion-title title fusion-title-5 fusion-sep-none fusion-title-text fusion-title-size-two\" style=\"--awb-margin-top-small:0px;--awb-margin-right-small:0px;--awb-margin-bottom-small:20px;--awb-margin-left-small:0px;\"><h2 class=\"fusion-title-heading title-heading-left fusion-responsive-typography-calculated\" style=\"margin:0;--fontSize:31;line-height:1.5;\"><h2>Other ways to treat keloids and hypertrophic scars<\/h2><\/h2><\/div><div class=\"fusion-text fusion-text-6\"><p>In certain cases, it is necessary to combine laser therapy and other methods to treat keloids. Or these other methods can be performed independently, in the case when keloid scars are not older than six months. Therapy includes the following methods:<\/p>\n<ul>\n<li>silicone compressive patches;<\/li>\n<li>silicone gels;<\/li>\n<li>intralesional application of corticosteroids with the application of corticosteroid ointments or creams. This therapy is based on injecting corticosteroids into the scar tissue itself. This will lead to softening of the hard tissue and reduction of the scar. Combined with laser treatment, scar regression is prevented.<\/li>\n<\/ul>\n<\/div><div class=\"fusion-separator fusion-full-width-sep\" style=\"align-self: center;margin-left: auto;margin-right: auto;margin-top:30px;width:100%;\"><\/div><div class=\"fusion-title title fusion-title-6 fusion-sep-none fusion-title-text fusion-title-size-two\" style=\"--awb-margin-top-small:0px;--awb-margin-right-small:0px;--awb-margin-bottom-small:20px;--awb-margin-left-small:0px;\"><h2 class=\"fusion-title-heading title-heading-left fusion-responsive-typography-calculated\" style=\"margin:0;--fontSize:31;line-height:1.5;\"><h2>\u00a0additional questions and prices<\/h2><\/h2><\/div><div class=\"fusion-text fusion-text-7\"><p>See the prices of all services on the <a href=\"https:\/\/estetika-bg.com\/en\/pricelist\/\"><u>Pricelist<\/u><\/a> page. For any additional questions, call us at <a href=\"tel:0603450304\">060\/345-0304<\/a> or write to us at estetikabgd@gmail.com.<\/p>\n<\/div><\/div><\/div><\/div><\/div>\n","protected":false},"excerpt":{"rendered":"","protected":false},"author":1,"featured_media":0,"parent":48496,"menu_order":23,"comment_status":"closed","ping_status":"closed","template":"100-width.php","meta":{"footnotes":""},"class_list":["post-48975","page","type-page","status-publish","hentry"],"yoast_head":"<!-- This site is optimized with the Yoast SEO Premium plugin v27.4 (Yoast SEO v27.4) - https:\/\/yoast.com\/product\/yoast-seo-premium-wordpress\/ -->\n<title>Keloid and keloid scars: treatments, results | Dr Milo\u0161 \u017divkovi\u0107<\/title>\n<meta name=\"description\" content=\"Keloids and hypertrophic scars. We treat efficiently and effectively using modern lasers such as Candela CO2 and Dye VL.\" \/>\n<meta name=\"robots\" content=\"index, follow, max-snippet:-1, max-image-preview:large, max-video-preview:-1\" \/>\n<link rel=\"canonical\" href=\"https:\/\/estetika-bg.com\/en\/procedures\/keloid-keloid-scars\/\" \/>\n<script type=\"application\/ld+json\" class=\"yoast-schema-graph\">{\"@context\":\"https:\\\/\\\/schema.org\",\"@graph\":[{\"@type\":\"WebPage\",\"@id\":\"https:\\\/\\\/estetika-bg.com\\\/en\\\/procedures\\\/keloid-keloid-scars\\\/\",\"url\":\"https:\\\/\\\/estetika-bg.com\\\/en\\\/procedures\\\/keloid-keloid-scars\\\/\",\"name\":\"Keloid and keloid scars: treatments, results | Dr Milo\u0161 \u017divkovi\u0107\",\"isPartOf\":{\"@id\":\"https:\\\/\\\/estetika-bg.com\\\/en\\\/#website\"},\"datePublished\":\"2018-09-25T09:33:35+00:00\",\"dateModified\":\"2023-05-28T21:59:06+00:00\",\"description\":\"Keloids and hypertrophic scars. We treat efficiently and effectively using modern lasers such as Candela CO2 and Dye VL.\",\"breadcrumb\":{\"@id\":\"https:\\\/\\\/estetika-bg.com\\\/en\\\/procedures\\\/keloid-keloid-scars\\\/#breadcrumb\"},\"inLanguage\":\"en-US\",\"potentialAction\":[{\"@type\":\"ReadAction\",\"target\":[\"https:\\\/\\\/estetika-bg.com\\\/en\\\/procedures\\\/keloid-keloid-scars\\\/\"]}]},{\"@type\":\"BreadcrumbList\",\"@id\":\"https:\\\/\\\/estetika-bg.com\\\/en\\\/procedures\\\/keloid-keloid-scars\\\/#breadcrumb\",\"itemListElement\":[{\"@type\":\"ListItem\",\"position\":1,\"name\":\"Po\u010detna\",\"item\":\"https:\\\/\\\/estetika-bg.com\\\/en\\\/\"},{\"@type\":\"ListItem\",\"position\":2,\"name\":\"Aesthetic and antiaging procedures\",\"item\":\"https:\\\/\\\/estetika-bg.com\\\/en\\\/procedures\\\/\"},{\"@type\":\"ListItem\",\"position\":3,\"name\":\"Keloid and keloid scars\"}]},{\"@type\":\"WebSite\",\"@id\":\"https:\\\/\\\/estetika-bg.com\\\/en\\\/#website\",\"url\":\"https:\\\/\\\/estetika-bg.com\\\/en\\\/\",\"name\":\"Dr Milo\u0161 \u017divkovi\u0107\",\"description\":\"Estetska i antiage medicina | Hijaluronski fileri | Pove\u0107avanje i popunjavanje usana  | Uklanjanje podo\u010dnjaka i bora | Lifting lica| Podmla\u0111ivanje\",\"publisher\":{\"@id\":\"https:\\\/\\\/estetika-bg.com\\\/en\\\/#organization\"},\"alternateName\":\"Estetska medicina Beograd\",\"potentialAction\":[{\"@type\":\"SearchAction\",\"target\":{\"@type\":\"EntryPoint\",\"urlTemplate\":\"https:\\\/\\\/estetika-bg.com\\\/en\\\/?s={search_term_string}\"},\"query-input\":{\"@type\":\"PropertyValueSpecification\",\"valueRequired\":true,\"valueName\":\"search_term_string\"}}],\"inLanguage\":\"en-US\"},{\"@type\":\"Organization\",\"@id\":\"https:\\\/\\\/estetika-bg.com\\\/en\\\/#organization\",\"name\":\"Estetska i antiage medicina Beograd\",\"alternateName\":\"Estetska medicina Beograd\",\"url\":\"https:\\\/\\\/estetika-bg.com\\\/en\\\/\",\"logo\":{\"@type\":\"ImageObject\",\"inLanguage\":\"en-US\",\"@id\":\"https:\\\/\\\/estetika-bg.com\\\/en\\\/#\\\/schema\\\/logo\\\/image\\\/\",\"url\":\"https:\\\/\\\/estetika-bg.com\\\/wp-content\\\/uploads\\\/2021\\\/05\\\/DR-MILOS-ZIVKOVIC.png\",\"contentUrl\":\"https:\\\/\\\/estetika-bg.com\\\/wp-content\\\/uploads\\\/2021\\\/05\\\/DR-MILOS-ZIVKOVIC.png\",\"width\":307,\"height\":59,\"caption\":\"Estetska i antiage medicina Beograd\"},\"image\":{\"@id\":\"https:\\\/\\\/estetika-bg.com\\\/en\\\/#\\\/schema\\\/logo\\\/image\\\/\"},\"sameAs\":[\"https:\\\/\\\/www.facebook.com\\\/drMilosZivkovic\\\/\",\"https:\\\/\\\/www.instagram.com\\\/drmiloszivkovic\\\/\",\"https:\\\/\\\/www.youtube.com\\\/channel\\\/UCAhAWPGLOriEpIWK5WIvi-Q\",\"https:\\\/\\\/www.tiktok.com\\\/@dr_miloszivkovic\\\/\"]}]}<\/script>\n<!-- \/ Yoast SEO Premium plugin. -->","yoast_head_json":{"title":"Keloid and keloid scars: treatments, results | Dr Milo\u0161 \u017divkovi\u0107","description":"Keloids and hypertrophic scars. We treat efficiently and effectively using modern lasers such as Candela CO2 and Dye VL.","robots":{"index":"index","follow":"follow","max-snippet":"max-snippet:-1","max-image-preview":"max-image-preview:large","max-video-preview":"max-video-preview:-1"},"canonical":"https:\/\/estetika-bg.com\/en\/procedures\/keloid-keloid-scars\/","schema":{"@context":"https:\/\/schema.org","@graph":[{"@type":"WebPage","@id":"https:\/\/estetika-bg.com\/en\/procedures\/keloid-keloid-scars\/","url":"https:\/\/estetika-bg.com\/en\/procedures\/keloid-keloid-scars\/","name":"Keloid and keloid scars: treatments, results | Dr Milo\u0161 \u017divkovi\u0107","isPartOf":{"@id":"https:\/\/estetika-bg.com\/en\/#website"},"datePublished":"2018-09-25T09:33:35+00:00","dateModified":"2023-05-28T21:59:06+00:00","description":"Keloids and hypertrophic scars. We treat efficiently and effectively using modern lasers such as Candela CO2 and Dye VL.","breadcrumb":{"@id":"https:\/\/estetika-bg.com\/en\/procedures\/keloid-keloid-scars\/#breadcrumb"},"inLanguage":"en-US","potentialAction":[{"@type":"ReadAction","target":["https:\/\/estetika-bg.com\/en\/procedures\/keloid-keloid-scars\/"]}]},{"@type":"BreadcrumbList","@id":"https:\/\/estetika-bg.com\/en\/procedures\/keloid-keloid-scars\/#breadcrumb","itemListElement":[{"@type":"ListItem","position":1,"name":"Po\u010detna","item":"https:\/\/estetika-bg.com\/en\/"},{"@type":"ListItem","position":2,"name":"Aesthetic and antiaging procedures","item":"https:\/\/estetika-bg.com\/en\/procedures\/"},{"@type":"ListItem","position":3,"name":"Keloid and keloid scars"}]},{"@type":"WebSite","@id":"https:\/\/estetika-bg.com\/en\/#website","url":"https:\/\/estetika-bg.com\/en\/","name":"Dr Milo\u0161 \u017divkovi\u0107","description":"Estetska i antiage medicina | Hijaluronski fileri | Pove\u0107avanje i popunjavanje usana  | Uklanjanje podo\u010dnjaka i bora | Lifting lica| Podmla\u0111ivanje","publisher":{"@id":"https:\/\/estetika-bg.com\/en\/#organization"},"alternateName":"Estetska medicina Beograd","potentialAction":[{"@type":"SearchAction","target":{"@type":"EntryPoint","urlTemplate":"https:\/\/estetika-bg.com\/en\/?s={search_term_string}"},"query-input":{"@type":"PropertyValueSpecification","valueRequired":true,"valueName":"search_term_string"}}],"inLanguage":"en-US"},{"@type":"Organization","@id":"https:\/\/estetika-bg.com\/en\/#organization","name":"Estetska i antiage medicina Beograd","alternateName":"Estetska medicina Beograd","url":"https:\/\/estetika-bg.com\/en\/","logo":{"@type":"ImageObject","inLanguage":"en-US","@id":"https:\/\/estetika-bg.com\/en\/#\/schema\/logo\/image\/","url":"https:\/\/estetika-bg.com\/wp-content\/uploads\/2021\/05\/DR-MILOS-ZIVKOVIC.png","contentUrl":"https:\/\/estetika-bg.com\/wp-content\/uploads\/2021\/05\/DR-MILOS-ZIVKOVIC.png","width":307,"height":59,"caption":"Estetska i antiage medicina Beograd"},"image":{"@id":"https:\/\/estetika-bg.com\/en\/#\/schema\/logo\/image\/"},"sameAs":["https:\/\/www.facebook.com\/drMilosZivkovic\/","https:\/\/www.instagram.com\/drmiloszivkovic\/","https:\/\/www.youtube.com\/channel\/UCAhAWPGLOriEpIWK5WIvi-Q","https:\/\/www.tiktok.com\/@dr_miloszivkovic\/"]}]}},"_links":{"self":[{"href":"https:\/\/estetika-bg.com\/en\/wp-json\/wp\/v2\/pages\/48975","targetHints":{"allow":["GET"]}}],"collection":[{"href":"https:\/\/estetika-bg.com\/en\/wp-json\/wp\/v2\/pages"}],"about":[{"href":"https:\/\/estetika-bg.com\/en\/wp-json\/wp\/v2\/types\/page"}],"author":[{"embeddable":true,"href":"https:\/\/estetika-bg.com\/en\/wp-json\/wp\/v2\/users\/1"}],"replies":[{"embeddable":true,"href":"https:\/\/estetika-bg.com\/en\/wp-json\/wp\/v2\/comments?post=48975"}],"version-history":[{"count":0,"href":"https:\/\/estetika-bg.com\/en\/wp-json\/wp\/v2\/pages\/48975\/revisions"}],"up":[{"embeddable":true,"href":"https:\/\/estetika-bg.com\/en\/wp-json\/wp\/v2\/pages\/48496"}],"wp:attachment":[{"href":"https:\/\/estetika-bg.com\/en\/wp-json\/wp\/v2\/media?parent=48975"}],"curies":[{"name":"wp","href":"https:\/\/api.w.org\/{rel}","templated":true}]}}