{"id":48958,"date":"2018-10-17T13:32:18","date_gmt":"2018-10-17T13:32:18","guid":{"rendered":"https:\/\/estetika-bg.com\/procedures\/juvederm-hyaluronic-fillers\/"},"modified":"2023-07-27T14:07:36","modified_gmt":"2023-07-27T14:07:36","slug":"juvederm","status":"publish","type":"page","link":"https:\/\/estetika-bg.com\/en\/procedures\/juvederm\/","title":{"rendered":"JUV\u00c9DERM hyaluronic fillers"},"content":{"rendered":"<div class=\"fusion-fullwidth fullwidth-box fusion-builder-row-1 fusion-flex-container nonhundred-percent-fullwidth non-hundred-percent-height-scrolling\" style=\"--awb-border-radius-top-left:0px;--awb-border-radius-top-right:0px;--awb-border-radius-bottom-right:0px;--awb-border-radius-bottom-left:0px;--awb-flex-wrap:wrap;\" ><div class=\"fusion-builder-row fusion-row fusion-flex-align-items-flex-start fusion-flex-content-wrap\" style=\"max-width:calc( 1375px + 0px );margin-left: calc(-0px \/ 2 );margin-right: calc(-0px \/ 2 );\"><div class=\"fusion-layout-column fusion_builder_column fusion-builder-column-0 fusion_builder_column_5_6 5_6 fusion-flex-column\" style=\"--awb-padding-top:40px;--awb-padding-right:40px;--awb-padding-bottom:40px;--awb-padding-left:40px;--awb-bg-color:#ffffff;--awb-bg-color-hover:#ffffff;--awb-bg-size:cover;--awb-border-color:#dddddd;--awb-border-top:0;--awb-border-right:0;--awb-border-bottom:0;--awb-border-left:0;--awb-border-style:solid;--awb-width-large:83.333333333333%;--awb-margin-top-large:0px;--awb-spacing-right-large:calc( 0.036 * calc( 100% - 0px ) );--awb-margin-bottom-large:8%;--awb-spacing-left-large:0px;--awb-width-medium:100%;--awb-order-medium:0;--awb-spacing-right-medium:0px;--awb-spacing-left-medium:0px;--awb-width-small:100%;--awb-order-small:0;--awb-spacing-right-small:0px;--awb-spacing-left-small:0px;\"><div class=\"fusion-column-wrapper fusion-column-has-shadow fusion-flex-justify-content-flex-start fusion-content-layout-column\"><div class=\"fusion-text fusion-text-1\"><blockquote>\n<p>The story of JUV\u00c9DERM hyaluronic fillers is a story of superior quality, safety and prestige<\/p>\n<\/blockquote>\n<p><span style=\"color: var(--body_typography-color); font-family: var(--body_typography-font-family); font-size: var(--body_typography-font-size); font-style: var(--body_typography-font-style,normal); font-weight: var(--body_typography-font-weight); letter-spacing: var(--body_typography-letter-spacing);\">The first JUV\u00c9DERM hyaluronic fillers &#8211;<\/span> <b style=\"color: var(--body_typography-color); font-family: var(--body_typography-font-family); font-size: var(--body_typography-font-size); font-style: var(--body_typography-font-style,normal); letter-spacing: var(--body_typography-letter-spacing);\">Ultra 2, Ultra 3 and Ultra 4<\/b><span style=\"color: var(--body_typography-color); font-family: var(--body_typography-font-family); font-size: var(--body_typography-font-size); font-style: var(--body_typography-font-style,normal); font-weight: var(--body_typography-font-weight); letter-spacing: var(--body_typography-letter-spacing);\"> have become a benchmark for the quality of hyaluronic fillers. From the appearance of the Ultra line until today, Allergan has constantly improved the line of hyaluronic fillers. That&#8217;s right, the first member<\/span><b style=\"color: var(--body_typography-color); font-family: var(--body_typography-font-family); font-size: var(--body_typography-font-size); font-style: var(--body_typography-font-style,normal); letter-spacing: var(--body_typography-letter-spacing);\"> <\/b><span style=\"color: var(--body_typography-color); font-family: var(--body_typography-font-family); font-size: var(--body_typography-font-size); font-style: var(--body_typography-font-style,normal); font-weight: var(--body_typography-font-weight); letter-spacing: var(--body_typography-letter-spacing);\">JUV\u00c9DERM<\/span> <span style=\"color: var(--body_typography-color); font-family: var(--body_typography-font-family); font-size: var(--body_typography-font-size); font-style: var(--body_typography-font-style,normal); letter-spacing: var(--body_typography-letter-spacing);\"><b>Vycross<\/b><\/span> <span style=\"color: var(--body_typography-color); font-family: var(--body_typography-font-family); font-size: var(--body_typography-font-size); font-style: var(--body_typography-font-style,normal); font-weight: var(--body_typography-font-weight); letter-spacing: var(--body_typography-letter-spacing);\">lines-<\/span><b style=\"color: var(--body_typography-color); font-family: var(--body_typography-font-family); font-size: var(--body_typography-font-size); font-style: var(--body_typography-font-style,normal); letter-spacing: var(--body_typography-letter-spacing);\"> <\/b><span style=\"color: var(--body_typography-color); font-family: var(--body_typography-font-family); font-size: var(--body_typography-font-size); letter-spacing: var(--body_typography-letter-spacing);\"><i>JUV\u00c9DERM Voluma<\/i><\/span><span style=\"color: var(--body_typography-color); font-family: var(--body_typography-font-family); font-size: var(--body_typography-font-size); font-style: var(--body_typography-font-style,normal); font-weight: var(--body_typography-font-weight); letter-spacing: var(--body_typography-letter-spacing);\"> changed the concept in working with fillers and brought a revolution in anti-aging medicine. Voluma helped solve the basic concept of aging &#8211; the replacement of lost tissue volume.<\/span><\/p>\n<p><img decoding=\"async\" class=\"lazyload alignnone size-full wp-image-45998\" src=\"https:\/\/estetika-bg.com\/wp-content\/uploads\/2022\/12\/juvederm-hijaluronski-fileri.jpg\" data-orig-src=\"https:\/\/estetika-bg.com\/wp-content\/uploads\/2022\/12\/juvederm-hijaluronski-fileri.jpg\" alt=\"juvederm hyaluronic fillers\" width=\"800\" height=\"533\" srcset=\"data:image\/svg+xml,%3Csvg%20xmlns%3D%27http%3A%2F%2Fwww.w3.org%2F2000%2Fsvg%27%20width%3D%27800%27%20height%3D%27533%27%20viewBox%3D%270%200%20800%20533%27%3E%3Crect%20width%3D%27800%27%20height%3D%27533%27%20fill-opacity%3D%220%22%2F%3E%3C%2Fsvg%3E\" data-srcset=\"https:\/\/estetika-bg.com\/wp-content\/uploads\/2022\/12\/juvederm-hijaluronski-fileri-200x133.jpg 200w, https:\/\/estetika-bg.com\/wp-content\/uploads\/2022\/12\/juvederm-hijaluronski-fileri-300x200.jpg 300w, https:\/\/estetika-bg.com\/wp-content\/uploads\/2022\/12\/juvederm-hijaluronski-fileri-400x267.jpg 400w, https:\/\/estetika-bg.com\/wp-content\/uploads\/2022\/12\/juvederm-hijaluronski-fileri-600x400.jpg 600w, https:\/\/estetika-bg.com\/wp-content\/uploads\/2022\/12\/juvederm-hijaluronski-fileri-768x512.jpg 768w, https:\/\/estetika-bg.com\/wp-content\/uploads\/2022\/12\/juvederm-hijaluronski-fileri.jpg 800w\" data-sizes=\"auto\" data-orig-sizes=\"(max-width: 800px) 100vw, 800px\" \/><\/p>\n<p>With the constant improvement of technology, two younger members of the Vycross family came as a logical continuation: <i>JUV\u00c9DERM Volift<\/i> and <i>JUV\u00c9DERM Volbella<\/i> . <span style=\"color: var(--body_typography-color); font-size: var(--body_typography-font-size); font-style: var(--body_typography-font-style,normal); font-weight: var(--body_typography-font-weight); letter-spacing: var(--body_typography-letter-spacing);\">Volbella is the rarest hyaluronic gel and an ideal solution for the under-eye area, while Vollift gives us plump and soft lips.<\/span> <a href=\"https:\/\/estetika-bg.com\/en\/procedures\/juvederm-volite\/\"><span style=\"color: var(--body_typography-color); font-family: var(--body_typography-font-family); font-size: var(--body_typography-font-size); font-style: var(--body_typography-font-style,normal); letter-spacing: var(--body_typography-letter-spacing);\"><em>JUV\u00c9DERM Volite<\/em> <\/span><\/a><span style=\"color: var(--body_typography-color); font-family: var(--body_typography-font-family); font-size: var(--body_typography-font-size); font-style: var(--body_typography-font-style,normal); font-weight: var(--body_typography-font-weight); letter-spacing: var(--body_typography-letter-spacing);\">it is intended to improve the quality of the skin, thus the JUV\u00c9DERM line has covered all aspects of aging of the face, neck, d\u00e9collet\u00e9 and hands. The youngest member<\/span> <a href=\"https:\/\/estetika-bg.com\/en\/procedures\/volux-filler\/\"><i><span style=\"color: var(--body_typography-color); font-family: var(--body_typography-font-family); font-size: var(--body_typography-font-size); letter-spacing: var(--body_typography-letter-spacing);\">JUV\u00c9DERM Volux<\/span><\/i><\/a> <span style=\"color: var(--body_typography-color); font-family: var(--body_typography-font-family); font-size: var(--body_typography-font-size); font-style: var(--body_typography-font-style,normal); font-weight: var(--body_typography-font-weight); letter-spacing: var(--body_typography-letter-spacing);\">is intended for contouring<\/span> the lower jaw <span style=\"color: var(--body_typography-color); font-family: var(--body_typography-font-family); font-size: var(--body_typography-font-size); font-style: var(--body_typography-font-style,normal); font-weight: var(--body_typography-font-weight); letter-spacing: var(--body_typography-letter-spacing);\">and chin.<\/span><br \/>\n<span style=\"color: var(--body_typography-color); font-family: var(--body_typography-font-family); font-size: var(--body_typography-font-size); font-style: var(--body_typography-font-style,normal); font-weight: var(--body_typography-font-weight); letter-spacing: var(--body_typography-letter-spacing);\">The main advantage of JUV\u00c9DERM fillers is the almost completely painless treatment, thanks to the anesthetic<\/span> <i style=\"color: var(--body_typography-color); font-family: var(--body_typography-font-family); font-size: var(--body_typography-font-size); font-weight: var(--body_typography-font-weight); letter-spacing: var(--body_typography-letter-spacing);\">lidocaine<\/i><span style=\"color: var(--body_typography-color); font-family: var(--body_typography-font-family); font-size: var(--body_typography-font-size); font-style: var(--body_typography-font-style,normal); font-weight: var(--body_typography-font-weight); letter-spacing: var(--body_typography-letter-spacing);\"> contained in the filler. Also where JUV\u00c9DERM hyaluronic fillers stand out are<\/span> <span style=\"color: var(--body_typography-color); font-family: var(--body_typography-font-family); font-size: var(--body_typography-font-size); font-style: var(--body_typography-font-style,normal); letter-spacing: var(--body_typography-letter-spacing);\">natural effect<\/span> <span style=\"color: var(--body_typography-color); font-family: var(--body_typography-font-family); font-size: var(--body_typography-font-size); font-style: var(--body_typography-font-style,normal); letter-spacing: var(--body_typography-letter-spacing);\">and<\/span> <span style=\"color: var(--body_typography-color); font-family: var(--body_typography-font-family); font-size: var(--body_typography-font-size); font-style: var(--body_typography-font-style,normal); letter-spacing: var(--body_typography-letter-spacing);\">duration of one to two years depending on the region and preparation.<\/span><\/p>\n<p><span style=\"color: var(--body_typography-color); font-family: var(--body_typography-font-family); font-size: var(--body_typography-font-size); font-style: var(--body_typography-font-style,normal); letter-spacing: var(--body_typography-letter-spacing); font-weight: var(--body_typography-font-weight);\">The result is better and more natural thanks to the elasticity of the product, which allows the shaping of the gel applied to the skin. JUV\u00c9DERM fillers also have a minimal rate of complications, and are among the safest hyaluronic fillers, as proven by extensive and long-term clinical studies. Compared to other fillers, <\/span><i style=\"color: var(--body_typography-color); font-family: var(--body_typography-font-family); font-size: var(--body_typography-font-size); letter-spacing: var(--body_typography-letter-spacing); font-weight: var(--body_typography-font-weight);\">JUV\u00c9DERM Vycross<\/i><span style=\"color: var(--body_typography-color); font-family: var(--body_typography-font-family); font-size: var(--body_typography-font-size); font-style: var(--body_typography-font-style,normal); letter-spacing: var(--body_typography-letter-spacing); font-weight: var(--body_typography-font-weight);\"> line is characterized by the least swelling among fillers and the least possibility of an inflammatory reaction. In addition, JUV\u00c9DERM fillers achieve the highest degree of lifting. The JUV\u00c9DERM syringe &#8220;merges&#8221; with the doctor&#8217;s hand, it is anatomically adapted and graduated so as to enable maximum precision. The treatment itself, and especially the satisfactorily achieved result, provide a feeling of uniqueness to both the doctor and the patient.<\/span><\/p>\n<p><span style=\"color: var(--body_typography-color); font-family: var(--body_typography-font-family); font-size: var(--body_typography-font-size); font-style: var(--body_typography-font-style,normal); letter-spacing: var(--body_typography-letter-spacing);\"><br \/>\nQuality is always recognized, and the greatest satisfaction and best recommendation for any doctor is a safe and satisfied patient.<\/span><\/p>\n<\/div><\/div><\/div><\/div><\/div>\n","protected":false},"excerpt":{"rendered":"","protected":false},"author":1,"featured_media":47751,"parent":48496,"menu_order":27,"comment_status":"closed","ping_status":"closed","template":"100-width.php","meta":{"footnotes":""},"class_list":["post-48958","page","type-page","status-publish","has-post-thumbnail","hentry"],"yoast_head":"<!-- This site is optimized with the Yoast SEO Premium plugin v27.4 (Yoast SEO v27.4) - https:\/\/yoast.com\/product\/yoast-seo-premium-wordpress\/ -->\n<title>JUV\u00c9DERM hyaluronic fillers | dr Milo\u0161 \u017divkovi\u0107<\/title>\n<meta name=\"description\" content=\"Our advanced techniques and Juvederm hyaluronic fillers restore a youthful appearance and contours to your face.\" \/>\n<meta name=\"robots\" content=\"index, follow, max-snippet:-1, max-image-preview:large, max-video-preview:-1\" \/>\n<link rel=\"canonical\" href=\"https:\/\/estetika-bg.com\/en\/procedures\/juvederm\/\" \/>\n<script type=\"application\/ld+json\" class=\"yoast-schema-graph\">{\"@context\":\"https:\\\/\\\/schema.org\",\"@graph\":[{\"@type\":\"WebPage\",\"@id\":\"https:\\\/\\\/estetika-bg.com\\\/en\\\/procedures\\\/juvederm\\\/\",\"url\":\"https:\\\/\\\/estetika-bg.com\\\/en\\\/procedures\\\/juvederm\\\/\",\"name\":\"JUV\u00c9DERM hyaluronic fillers | dr Milo\u0161 \u017divkovi\u0107\",\"isPartOf\":{\"@id\":\"https:\\\/\\\/estetika-bg.com\\\/en\\\/#website\"},\"primaryImageOfPage\":{\"@id\":\"https:\\\/\\\/estetika-bg.com\\\/en\\\/procedures\\\/juvederm\\\/#primaryimage\"},\"image\":{\"@id\":\"https:\\\/\\\/estetika-bg.com\\\/en\\\/procedures\\\/juvederm\\\/#primaryimage\"},\"thumbnailUrl\":\"https:\\\/\\\/estetika-bg.com\\\/wp-content\\\/uploads\\\/2022\\\/12\\\/JUVEDERM-hijaluronski-fileri-1.jpg\",\"datePublished\":\"2018-10-17T13:32:18+00:00\",\"dateModified\":\"2023-07-27T14:07:36+00:00\",\"description\":\"Our advanced techniques and Juvederm hyaluronic fillers restore a youthful appearance and contours to your face.\",\"breadcrumb\":{\"@id\":\"https:\\\/\\\/estetika-bg.com\\\/en\\\/procedures\\\/juvederm\\\/#breadcrumb\"},\"inLanguage\":\"en-US\",\"potentialAction\":[{\"@type\":\"ReadAction\",\"target\":[\"https:\\\/\\\/estetika-bg.com\\\/en\\\/procedures\\\/juvederm\\\/\"]}]},{\"@type\":\"ImageObject\",\"inLanguage\":\"en-US\",\"@id\":\"https:\\\/\\\/estetika-bg.com\\\/en\\\/procedures\\\/juvederm\\\/#primaryimage\",\"url\":\"https:\\\/\\\/estetika-bg.com\\\/wp-content\\\/uploads\\\/2022\\\/12\\\/JUVEDERM-hijaluronski-fileri-1.jpg\",\"contentUrl\":\"https:\\\/\\\/estetika-bg.com\\\/wp-content\\\/uploads\\\/2022\\\/12\\\/JUVEDERM-hijaluronski-fileri-1.jpg\",\"width\":2000,\"height\":769,\"caption\":\"JUV\u00c9DERM hijaluronski fileri\"},{\"@type\":\"BreadcrumbList\",\"@id\":\"https:\\\/\\\/estetika-bg.com\\\/en\\\/procedures\\\/juvederm\\\/#breadcrumb\",\"itemListElement\":[{\"@type\":\"ListItem\",\"position\":1,\"name\":\"Po\u010detna\",\"item\":\"https:\\\/\\\/estetika-bg.com\\\/en\\\/\"},{\"@type\":\"ListItem\",\"position\":2,\"name\":\"Aesthetic and antiaging procedures\",\"item\":\"https:\\\/\\\/estetika-bg.com\\\/en\\\/procedures\\\/\"},{\"@type\":\"ListItem\",\"position\":3,\"name\":\"JUV\u00c9DERM hyaluronic fillers\"}]},{\"@type\":\"WebSite\",\"@id\":\"https:\\\/\\\/estetika-bg.com\\\/en\\\/#website\",\"url\":\"https:\\\/\\\/estetika-bg.com\\\/en\\\/\",\"name\":\"Dr Milo\u0161 \u017divkovi\u0107\",\"description\":\"Estetska i antiage medicina | Hijaluronski fileri | Pove\u0107avanje i popunjavanje usana  | Uklanjanje podo\u010dnjaka i bora | Lifting lica| Podmla\u0111ivanje\",\"publisher\":{\"@id\":\"https:\\\/\\\/estetika-bg.com\\\/en\\\/#organization\"},\"alternateName\":\"Estetska medicina Beograd\",\"potentialAction\":[{\"@type\":\"SearchAction\",\"target\":{\"@type\":\"EntryPoint\",\"urlTemplate\":\"https:\\\/\\\/estetika-bg.com\\\/en\\\/?s={search_term_string}\"},\"query-input\":{\"@type\":\"PropertyValueSpecification\",\"valueRequired\":true,\"valueName\":\"search_term_string\"}}],\"inLanguage\":\"en-US\"},{\"@type\":\"Organization\",\"@id\":\"https:\\\/\\\/estetika-bg.com\\\/en\\\/#organization\",\"name\":\"Estetska i antiage medicina Beograd\",\"alternateName\":\"Estetska medicina Beograd\",\"url\":\"https:\\\/\\\/estetika-bg.com\\\/en\\\/\",\"logo\":{\"@type\":\"ImageObject\",\"inLanguage\":\"en-US\",\"@id\":\"https:\\\/\\\/estetika-bg.com\\\/en\\\/#\\\/schema\\\/logo\\\/image\\\/\",\"url\":\"https:\\\/\\\/estetika-bg.com\\\/wp-content\\\/uploads\\\/2021\\\/05\\\/DR-MILOS-ZIVKOVIC.png\",\"contentUrl\":\"https:\\\/\\\/estetika-bg.com\\\/wp-content\\\/uploads\\\/2021\\\/05\\\/DR-MILOS-ZIVKOVIC.png\",\"width\":307,\"height\":59,\"caption\":\"Estetska i antiage medicina Beograd\"},\"image\":{\"@id\":\"https:\\\/\\\/estetika-bg.com\\\/en\\\/#\\\/schema\\\/logo\\\/image\\\/\"},\"sameAs\":[\"https:\\\/\\\/www.facebook.com\\\/drMilosZivkovic\\\/\",\"https:\\\/\\\/www.instagram.com\\\/drmiloszivkovic\\\/\",\"https:\\\/\\\/www.youtube.com\\\/channel\\\/UCAhAWPGLOriEpIWK5WIvi-Q\",\"https:\\\/\\\/www.tiktok.com\\\/@dr_miloszivkovic\\\/\"]}]}<\/script>\n<!-- \/ Yoast SEO Premium plugin. -->","yoast_head_json":{"title":"JUV\u00c9DERM hyaluronic fillers | dr Milo\u0161 \u017divkovi\u0107","description":"Our advanced techniques and Juvederm hyaluronic fillers restore a youthful appearance and contours to your face.","robots":{"index":"index","follow":"follow","max-snippet":"max-snippet:-1","max-image-preview":"max-image-preview:large","max-video-preview":"max-video-preview:-1"},"canonical":"https:\/\/estetika-bg.com\/en\/procedures\/juvederm\/","schema":{"@context":"https:\/\/schema.org","@graph":[{"@type":"WebPage","@id":"https:\/\/estetika-bg.com\/en\/procedures\/juvederm\/","url":"https:\/\/estetika-bg.com\/en\/procedures\/juvederm\/","name":"JUV\u00c9DERM hyaluronic fillers | dr Milo\u0161 \u017divkovi\u0107","isPartOf":{"@id":"https:\/\/estetika-bg.com\/en\/#website"},"primaryImageOfPage":{"@id":"https:\/\/estetika-bg.com\/en\/procedures\/juvederm\/#primaryimage"},"image":{"@id":"https:\/\/estetika-bg.com\/en\/procedures\/juvederm\/#primaryimage"},"thumbnailUrl":"https:\/\/estetika-bg.com\/wp-content\/uploads\/2022\/12\/JUVEDERM-hijaluronski-fileri-1.jpg","datePublished":"2018-10-17T13:32:18+00:00","dateModified":"2023-07-27T14:07:36+00:00","description":"Our advanced techniques and Juvederm hyaluronic fillers restore a youthful appearance and contours to your face.","breadcrumb":{"@id":"https:\/\/estetika-bg.com\/en\/procedures\/juvederm\/#breadcrumb"},"inLanguage":"en-US","potentialAction":[{"@type":"ReadAction","target":["https:\/\/estetika-bg.com\/en\/procedures\/juvederm\/"]}]},{"@type":"ImageObject","inLanguage":"en-US","@id":"https:\/\/estetika-bg.com\/en\/procedures\/juvederm\/#primaryimage","url":"https:\/\/estetika-bg.com\/wp-content\/uploads\/2022\/12\/JUVEDERM-hijaluronski-fileri-1.jpg","contentUrl":"https:\/\/estetika-bg.com\/wp-content\/uploads\/2022\/12\/JUVEDERM-hijaluronski-fileri-1.jpg","width":2000,"height":769,"caption":"JUV\u00c9DERM hijaluronski fileri"},{"@type":"BreadcrumbList","@id":"https:\/\/estetika-bg.com\/en\/procedures\/juvederm\/#breadcrumb","itemListElement":[{"@type":"ListItem","position":1,"name":"Po\u010detna","item":"https:\/\/estetika-bg.com\/en\/"},{"@type":"ListItem","position":2,"name":"Aesthetic and antiaging procedures","item":"https:\/\/estetika-bg.com\/en\/procedures\/"},{"@type":"ListItem","position":3,"name":"JUV\u00c9DERM hyaluronic fillers"}]},{"@type":"WebSite","@id":"https:\/\/estetika-bg.com\/en\/#website","url":"https:\/\/estetika-bg.com\/en\/","name":"Dr Milo\u0161 \u017divkovi\u0107","description":"Estetska i antiage medicina | Hijaluronski fileri | Pove\u0107avanje i popunjavanje usana  | Uklanjanje podo\u010dnjaka i bora | Lifting lica| Podmla\u0111ivanje","publisher":{"@id":"https:\/\/estetika-bg.com\/en\/#organization"},"alternateName":"Estetska medicina Beograd","potentialAction":[{"@type":"SearchAction","target":{"@type":"EntryPoint","urlTemplate":"https:\/\/estetika-bg.com\/en\/?s={search_term_string}"},"query-input":{"@type":"PropertyValueSpecification","valueRequired":true,"valueName":"search_term_string"}}],"inLanguage":"en-US"},{"@type":"Organization","@id":"https:\/\/estetika-bg.com\/en\/#organization","name":"Estetska i antiage medicina Beograd","alternateName":"Estetska medicina Beograd","url":"https:\/\/estetika-bg.com\/en\/","logo":{"@type":"ImageObject","inLanguage":"en-US","@id":"https:\/\/estetika-bg.com\/en\/#\/schema\/logo\/image\/","url":"https:\/\/estetika-bg.com\/wp-content\/uploads\/2021\/05\/DR-MILOS-ZIVKOVIC.png","contentUrl":"https:\/\/estetika-bg.com\/wp-content\/uploads\/2021\/05\/DR-MILOS-ZIVKOVIC.png","width":307,"height":59,"caption":"Estetska i antiage medicina Beograd"},"image":{"@id":"https:\/\/estetika-bg.com\/en\/#\/schema\/logo\/image\/"},"sameAs":["https:\/\/www.facebook.com\/drMilosZivkovic\/","https:\/\/www.instagram.com\/drmiloszivkovic\/","https:\/\/www.youtube.com\/channel\/UCAhAWPGLOriEpIWK5WIvi-Q","https:\/\/www.tiktok.com\/@dr_miloszivkovic\/"]}]}},"_links":{"self":[{"href":"https:\/\/estetika-bg.com\/en\/wp-json\/wp\/v2\/pages\/48958","targetHints":{"allow":["GET"]}}],"collection":[{"href":"https:\/\/estetika-bg.com\/en\/wp-json\/wp\/v2\/pages"}],"about":[{"href":"https:\/\/estetika-bg.com\/en\/wp-json\/wp\/v2\/types\/page"}],"author":[{"embeddable":true,"href":"https:\/\/estetika-bg.com\/en\/wp-json\/wp\/v2\/users\/1"}],"replies":[{"embeddable":true,"href":"https:\/\/estetika-bg.com\/en\/wp-json\/wp\/v2\/comments?post=48958"}],"version-history":[{"count":0,"href":"https:\/\/estetika-bg.com\/en\/wp-json\/wp\/v2\/pages\/48958\/revisions"}],"up":[{"embeddable":true,"href":"https:\/\/estetika-bg.com\/en\/wp-json\/wp\/v2\/pages\/48496"}],"wp:featuredmedia":[{"embeddable":true,"href":"https:\/\/estetika-bg.com\/en\/wp-json\/wp\/v2\/media\/47751"}],"wp:attachment":[{"href":"https:\/\/estetika-bg.com\/en\/wp-json\/wp\/v2\/media?parent=48958"}],"curies":[{"name":"wp","href":"https:\/\/api.w.org\/{rel}","templated":true}]}}