{"id":48438,"date":"2021-08-03T13:33:49","date_gmt":"2021-08-03T13:33:49","guid":{"rendered":"https:\/\/estetika-bg.com\/alma-dermaclear-treatment\/"},"modified":"2023-07-26T19:43:27","modified_gmt":"2023-07-26T19:43:27","slug":"hydradermabrasion","status":"publish","type":"page","link":"https:\/\/estetika-bg.com\/en\/procedures\/hydradermabrasion\/","title":{"rendered":"DermaClear facial treatment"},"content":{"rendered":"<div class=\"fusion-fullwidth fullwidth-box fusion-builder-row-1 fusion-flex-container nonhundred-percent-fullwidth non-hundred-percent-height-scrolling\" style=\"--awb-border-radius-top-left:0px;--awb-border-radius-top-right:0px;--awb-border-radius-bottom-right:0px;--awb-border-radius-bottom-left:0px;--awb-padding-bottom:0%;--awb-margin-bottom:0px;--awb-flex-wrap:wrap;\" ><div class=\"fusion-builder-row fusion-row fusion-flex-align-items-flex-start fusion-flex-content-wrap\" style=\"max-width:calc( 1375px + 0px );margin-left: calc(-0px \/ 2 );margin-right: calc(-0px \/ 2 );\"><div class=\"fusion-layout-column fusion_builder_column fusion-builder-column-0 fusion_builder_column_5_6 5_6 fusion-flex-column\" style=\"--awb-padding-top:40px;--awb-padding-right:40px;--awb-padding-bottom:40px;--awb-padding-left:40px;--awb-bg-color:#ffffff;--awb-bg-color-hover:#ffffff;--awb-bg-size:cover;--awb-border-color:#dddddd;--awb-border-top:0px;--awb-border-right:0px;--awb-border-bottom:0px;--awb-border-left:0px;--awb-border-style:solid;--awb-width-large:83.333333333333%;--awb-margin-top-large:0px;--awb-spacing-right-large:calc( 0.036 * calc( 100% - 0px ) );--awb-margin-bottom-large:8%;--awb-spacing-left-large:0px;--awb-width-medium:100%;--awb-spacing-right-medium:0px;--awb-spacing-left-medium:0px;--awb-width-small:100%;--awb-spacing-right-small:0px;--awb-spacing-left-small:0px;\"><div class=\"fusion-column-wrapper fusion-column-has-shadow fusion-flex-justify-content-flex-start fusion-content-layout-column\"><div class=\"fusion-text fusion-text-1\"><p><em>Hydradermabrasion Alma DermaClear 3 in 1 is a remarkable device that offers three skin treatments simultaneously &#8211; peeling, facial cleansing, and hydration. It is suitable for all skin types and plays a crucial role in regular skincare routines as well as preparing the face for other treatments.<\/em><\/p>\n<p>Facial cleansing serves as the initial step towards achieving healthy and radiant skin. When the skin is thoroughly cleansed, it becomes more receptive to the serums and creams applied afterward. However, home cleaning methods may not effectively eliminate all impurities, blackheads, and dead skin cells. That is why professional facial cleaning treatments are essential.<br \/>\nTo achieve a luminous and healthy complexion, exfoliation, deep cleansing, and hydration are indispensable. The <a href=\"https:\/\/www.almadermaclear.com\/\">Alma DermaClear<\/a> multifunctional device from the renowned company <a href=\"https:\/\/www.almalasers.com\/\">Alma Lasers<\/a> combines all these treatments into one convenient solution. Alma Lasers has garnered numerous accolades for their exceptional devices utilized in the field of aesthetic medicine, including the esteemed Alma Soprano Titanium, a medical laser used for<a href=\"https:\/\/estetika-bg.com\/en\/procedures\/laser-hair-removal\/\"> hair removal<\/a> in our office.<\/p>\n<\/div><div class=\"fusion-separator fusion-full-width-sep\" style=\"align-self: center;margin-left: auto;margin-right: auto;margin-top:30px;width:100%;\"><\/div><div class=\"fusion-video fusion-youtube\" style=\"--awb-max-width:800px;--awb-max-height:450px;--awb-align-self:center;--awb-width:100%;\"><div class=\"video-shortcode\"><div class=\"fluid-width-video-wrapper\" style=\"padding-top:56.25%;\" ><iframe class=\"fusion-hidden\" data-privacy-type=\"youtube\" src=\"\" title=\"YouTube video player 1\" data-privacy-src=\"https:\/\/www.youtube.com\/embed\/MYxAE1Pk8ic?wmode=transparent&autoplay=0\" width=\"800\" height=\"450\" allowfullscreen allow=\"autoplay; clipboard-write; encrypted-media; gyroscope; picture-in-picture;\"><\/iframe><div class=\"fusion-privacy-placeholder\" style=\"width:800px; height:450px;\" data-privacy-type=\"youtube\"><div class=\"fusion-privacy-placeholder-content\"><div class=\"fusion-privacy-label\">For privacy reasons YouTube needs your permission to be loaded. For more details, please see our <a class=\"privacy-policy-link\" href=\"https:\/\/estetika-bg.com\/privatnost\/\" rel=\"privacy-policy\">Politika Privatnosti<\/a>.<\/div><button data-privacy-type=\"youtube\" class=\"fusion-button button-default fusion-button-default-size button fusion-privacy-consent\">I Accept<\/button><\/div><\/div><\/div><\/div><\/div><div class=\"fusion-separator fusion-full-width-sep\" style=\"align-self: center;margin-left: auto;margin-right: auto;margin-top:30px;width:100%;\"><\/div><div class=\"fusion-text fusion-text-2\"><h2 class=\"fusion-responsive-typography-calculated\" style=\"--fontsize: 31; line-height: 1.5;\" data-fontsize=\"31\" data-lineheight=\"46.5px\"><\/h2>\n<h2 class=\"fusion-responsive-typography-calculated\" style=\"--fontsize: 31; line-height: 1.5;\" data-fontsize=\"31\" data-lineheight=\"46.5px\">What is Alma DermaClear?<\/h2>\n<\/div><div class=\"fusion-text fusion-text-3\"><p>Alma Lasers company has developed a unique platform for <b>hydrodermabrasion of the skin<\/b>. With the Alma DermaClear treatment, mechanical peeling is done with a silicone probe through which a liquid rich in fruit acids, vitamins, antioxidants, and hyaluronic acid flows all the time. In this way, powerful substances are delivered to the skin, it enables its nutrition and hydration without irritation and downtime. Indeed, the skin after the treatment is flawless and radiant!<\/p>\n<\/div><div class=\"fusion-separator fusion-full-width-sep\" style=\"align-self: center;margin-left: auto;margin-right: auto;margin-top:30px;width:100%;\"><\/div><div class=\"fusion-text fusion-text-4\"><h2>How does\u00a0 Hydradermabrasion work?<\/h2>\n<\/div><div class=\"fusion-text fusion-text-5\"><p><img decoding=\"async\" class=\"lazyload size-full wp-image-34980 alignleft\" src=\"https:\/\/estetika-bg.com\/wp-content\/uploads\/2021\/08\/alma-dermaclear-aparat-e1628084322512.jpg\" data-orig-src=\"https:\/\/estetika-bg.com\/wp-content\/uploads\/2021\/08\/alma-dermaclear-aparat-e1628084322512.jpg\" alt=\"alma dermaclear device\" width=\"274\" height=\"450\" srcset=\"data:image\/svg+xml,%3Csvg%20xmlns%3D%27http%3A%2F%2Fwww.w3.org%2F2000%2Fsvg%27%20width%3D%27274%27%20height%3D%27450%27%20viewBox%3D%270%200%20274%20450%27%3E%3Crect%20width%3D%27274%27%20height%3D%27450%27%20fill-opacity%3D%220%22%2F%3E%3C%2Fsvg%3E\" data-srcset=\"https:\/\/estetika-bg.com\/wp-content\/uploads\/2021\/08\/alma-dermaclear-aparat-e1628084322512-183x300.jpg 183w, https:\/\/estetika-bg.com\/wp-content\/uploads\/2021\/08\/alma-dermaclear-aparat-e1628084322512-200x328.jpg 200w, https:\/\/estetika-bg.com\/wp-content\/uploads\/2021\/08\/alma-dermaclear-aparat-e1628084322512.jpg 274w\" data-sizes=\"auto\" data-orig-sizes=\"(max-width: 274px) 100vw, 274px\" \/><\/p>\n<p>Alma DermaClear features a rotating vacuum probe that performs two simultaneous actions: removing dead cells from the skin&#8217;s surface and deeply cleansing the pores by eliminating accumulated impurities. As a result, the process of deep cleansing and facial peeling becomes more efficient than ever before, offering quicker and significantly more enjoyable results.<br \/>\nMoreover, hydradermabrasion goes beyond cleansing by providing deep hydration to the skin. It achieves this by injecting a specially formulated serum, customized to meet the specific needs of your skin, deep into the layers of the skin using the probe.<br \/>\nThe rotating action of the probe not only aids in drawing out impurities and excess sebum but also stimulates blood circulation, revitalizing the skin and restoring its natural radiance. The overall outcome is a visibly brighter and healthier complexion.<\/p>\n<\/div><div class=\"fusion-separator fusion-full-width-sep\" style=\"align-self: center;margin-left: auto;margin-right: auto;margin-top:30px;width:100%;\"><\/div><div class=\"fusion-text fusion-text-6\"><h2 class=\"fusion-responsive-typography-calculated\" style=\"--fontsize: 31; line-height: 1.4;\" data-fontsize=\"31\" data-lineheight=\"43.4px\">What does Hydradermabrasion treatment look like?<\/h2>\n<\/div><div class=\"fusion-text fusion-text-7\"><p><b>Step 1 &#8211; EXFOLIATION (PEELING)!<\/b><br \/>\nSkin peeling is achieved through a combination of mechanical and chemical processes. To facilitate the chemical breakdown of impurities, AHA fruit acids and antioxidants are applied, effectively dissolving the build-up. Subsequently, a rotating probe, along with a powerful vacuum, is employed to eliminate surface impurities, leaving the skin thoroughly cleansed.<\/p>\n<p><b>Step 2 &#8211; DEEP CLEANING!<\/b><br \/>\nFollowing that, a solution containing BHA acids is carefully applied, targeting blackheads and effectively penetrating every pore to address excess sebum. With the assistance of the adjustable probe vacuum, tailored to suit your skin type and requirements, even the tiniest impurities are extracted from each individual pore.<\/p>\n<p><b>Step 3 &#8211; INTENSIVE HYDRATION!<\/b><br \/>\nAfter the cleansing process, it is crucial to provide your skin with hydration and nourishment. Tailored to suit your skin&#8217;s specific needs, a combination of peptides, antioxidants, and vitamins is carefully introduced into the deeper layers of your skin. This ensures that your skin remains healthy, smooth, radiant, and lustrous.<\/p>\n<\/div><div class=\"fusion-separator fusion-full-width-sep\" style=\"align-self: center;margin-left: auto;margin-right: auto;margin-top:30px;width:100%;\"><\/div><div class=\"fusion-image-element \" style=\"text-align:center;--awb-caption-title-font-family:var(--h2_typography-font-family);--awb-caption-title-font-weight:var(--h2_typography-font-weight);--awb-caption-title-font-style:var(--h2_typography-font-style);--awb-caption-title-size:var(--h2_typography-font-size);--awb-caption-title-transform:var(--h2_typography-text-transform);--awb-caption-title-line-height:var(--h2_typography-line-height);--awb-caption-title-letter-spacing:var(--h2_typography-letter-spacing);\"><span class=\" fusion-imageframe imageframe-none imageframe-1 hover-type-none\"><img decoding=\"async\" width=\"800\" height=\"533\" alt=\"Hydradermabrasion dermaclear treatment\" title=\"alma dermaclear tretman\" src=\"https:\/\/estetika-bg.com\/wp-content\/uploads\/2022\/12\/alma-dermaclear-tretman.jpg\" data-orig-src=\"https:\/\/estetika-bg.com\/wp-content\/uploads\/2022\/12\/alma-dermaclear-tretman.jpg\" class=\"lazyload img-responsive wp-image-47621\" srcset=\"data:image\/svg+xml,%3Csvg%20xmlns%3D%27http%3A%2F%2Fwww.w3.org%2F2000%2Fsvg%27%20width%3D%27800%27%20height%3D%27533%27%20viewBox%3D%270%200%20800%20533%27%3E%3Crect%20width%3D%27800%27%20height%3D%27533%27%20fill-opacity%3D%220%22%2F%3E%3C%2Fsvg%3E\" data-srcset=\"https:\/\/estetika-bg.com\/wp-content\/uploads\/2022\/12\/alma-dermaclear-tretman-200x133.jpg 200w, https:\/\/estetika-bg.com\/wp-content\/uploads\/2022\/12\/alma-dermaclear-tretman-400x267.jpg 400w, https:\/\/estetika-bg.com\/wp-content\/uploads\/2022\/12\/alma-dermaclear-tretman-600x400.jpg 600w, https:\/\/estetika-bg.com\/wp-content\/uploads\/2022\/12\/alma-dermaclear-tretman.jpg 800w\" data-sizes=\"auto\" data-orig-sizes=\"(max-width: 1024px) 100vw, (max-width: 640px) 100vw, 800px\" \/><\/span><\/div><div class=\"fusion-separator fusion-full-width-sep\" style=\"align-self: center;margin-left: auto;margin-right: auto;margin-top:30px;width:100%;\"><\/div><div class=\"fusion-text fusion-text-8\"><h2 class=\"fusion-responsive-typography-calculated\" style=\"--fontsize: 31; line-height: 1.4;\" data-fontsize=\"31\" data-lineheight=\"43.4px\">What can you expect after Hydradermabrasion treatment?<\/h2>\n<\/div><div class=\"fusion-text fusion-text-9\"><ul>\n<li>The skin is perfectly clean, without blackheads, excess sebum and other impurities.<\/li>\n<li>The skin regeneration process is accelerated, so the face is smooth, rested and fresh.<\/li>\n<li>Enlarged pores are less visible.<\/li>\n<li>The skin is deeply hydrated and nourished.<\/li>\n<\/ul>\n<\/div><div class=\"fusion-separator fusion-full-width-sep\" style=\"align-self: center;margin-left: auto;margin-right: auto;margin-top:30px;width:100%;\"><\/div><div class=\"fusion-text fusion-text-10\"><h2 class=\"fusion-responsive-typography-calculated\" style=\"--fontsize: 31; line-height: 1.4;\" data-fontsize=\"31\" data-lineheight=\"43.4px\">Who is a good candidate?<\/h2>\n<\/div><div class=\"fusion-text fusion-text-11\"><p>Hydradermabrasion treatment is intended for ALL skin types, it can be used on young, mature and sensitive skin. This 3 in 1 treatment can be used independently, as part of your regular routine of cleaning, intensive hydration, but also as an introduction to other treatments such as mesotherapy, PRP, biorevitalization, laser or injection procedures with hyaluronic fillers.<\/p>\n<\/div><div class=\"fusion-separator fusion-full-width-sep\" style=\"align-self: center;margin-left: auto;margin-right: auto;margin-top:30px;width:100%;\"><\/div><div class=\"fusion-text fusion-text-12\"><h2 class=\"fusion-responsive-typography-calculated\" style=\"--fontsize: 31; line-height: 1.4;\" data-fontsize=\"31\" data-lineheight=\"43.4px\">How long does the treatment take? Recovery?<\/h2>\n<\/div><div class=\"fusion-text fusion-text-13\"><p>The treatment is completely painless, resembling a gentle massage, and typically lasts for approximately an hour. It does not cause any redness, swelling, pain, or irritation, allowing you to resume your daily activities immediately after the session.<\/p>\n<\/div><div class=\"fusion-separator fusion-full-width-sep\" style=\"align-self: center;margin-left: auto;margin-right: auto;margin-top:30px;width:100%;\"><\/div><div class=\"fusion-image-element \" style=\"text-align:center;--awb-caption-title-font-family:var(--h2_typography-font-family);--awb-caption-title-font-weight:var(--h2_typography-font-weight);--awb-caption-title-font-style:var(--h2_typography-font-style);--awb-caption-title-size:var(--h2_typography-font-size);--awb-caption-title-transform:var(--h2_typography-text-transform);--awb-caption-title-line-height:var(--h2_typography-line-height);--awb-caption-title-letter-spacing:var(--h2_typography-letter-spacing);\"><span class=\" fusion-imageframe imageframe-none imageframe-2 hover-type-none\"><img decoding=\"async\" width=\"800\" height=\"533\" alt=\"Hydradermabrasion\" title=\"alma dermaclear 3 u 1 tretman\" src=\"https:\/\/estetika-bg.com\/wp-content\/uploads\/2022\/12\/alma-dermaclear-3-u-1-tretman.jpg\" data-orig-src=\"https:\/\/estetika-bg.com\/wp-content\/uploads\/2022\/12\/alma-dermaclear-3-u-1-tretman.jpg\" class=\"lazyload img-responsive wp-image-47623\" srcset=\"data:image\/svg+xml,%3Csvg%20xmlns%3D%27http%3A%2F%2Fwww.w3.org%2F2000%2Fsvg%27%20width%3D%27800%27%20height%3D%27533%27%20viewBox%3D%270%200%20800%20533%27%3E%3Crect%20width%3D%27800%27%20height%3D%27533%27%20fill-opacity%3D%220%22%2F%3E%3C%2Fsvg%3E\" data-srcset=\"https:\/\/estetika-bg.com\/wp-content\/uploads\/2022\/12\/alma-dermaclear-3-u-1-tretman-200x133.jpg 200w, https:\/\/estetika-bg.com\/wp-content\/uploads\/2022\/12\/alma-dermaclear-3-u-1-tretman-400x267.jpg 400w, https:\/\/estetika-bg.com\/wp-content\/uploads\/2022\/12\/alma-dermaclear-3-u-1-tretman-600x400.jpg 600w, https:\/\/estetika-bg.com\/wp-content\/uploads\/2022\/12\/alma-dermaclear-3-u-1-tretman.jpg 800w\" data-sizes=\"auto\" data-orig-sizes=\"(max-width: 1024px) 100vw, (max-width: 640px) 100vw, 800px\" \/><\/span><\/div><div class=\"fusion-separator fusion-full-width-sep\" style=\"align-self: center;margin-left: auto;margin-right: auto;margin-top:30px;width:100%;\"><\/div><div class=\"fusion-text fusion-text-14\"><h2 class=\"fusion-responsive-typography-calculated\" style=\"--fontsize: 31; line-height: 1.4;\" data-fontsize=\"31\" data-lineheight=\"43.4px\">How often should Hydradermabrasion treatment be done?<\/h2>\n<\/div><div class=\"fusion-text fusion-text-15\"><p>Excellent results are visible immediately after the first treatment. Your skin will appear refreshed, clean, and hydrated. To sustain these outcomes, we recommend undergoing the treatment every 6 weeks.<\/p>\n<\/div><div class=\"fusion-separator fusion-full-width-sep\" style=\"align-self: center;margin-left: auto;margin-right: auto;margin-top:30px;width:100%;\"><\/div><div class=\"fusion-text fusion-text-16\"><h2>Price of DermaClear treatment?<\/h2>\n<\/div><div class=\"fusion-text fusion-text-17\"><p>Read more about the prices of Hydradermabrasion DermaClear and other treatments on the <a href=\"https:\/\/estetika-bg.com\/en\/pricelist\/\"><u>Pricelist page.<\/u><\/a><\/p>\n<\/div><div class=\"fusion-separator fusion-full-width-sep\" style=\"align-self: center;margin-left: auto;margin-right: auto;margin-top:30px;width:100%;\"><\/div><div class=\"fusion-text fusion-text-18\"><h2>Hydradermabrasion DermaClear &#8211; additional questions?<\/h2>\n<\/div><div class=\"fusion-text fusion-text-19\"><p>If you have additional questions and doubts related to\u00a0 DermaClear treatment or want to schedule your treatment, feel free to call us at<b> <\/b><a href=\"tel:0642370707\"><strong>064\/237-0707<\/strong><\/a> or <a href=\"mailto:estetikabgd@gmail.com\">write to us,<\/a> our professional staff has answers to all your questions. We are waiting for you!<\/p>\n<\/div><\/div><\/div><\/div><\/div>\n","protected":false},"excerpt":{"rendered":"","protected":false},"author":1,"featured_media":47625,"parent":48496,"menu_order":19,"comment_status":"open","ping_status":"closed","template":"100-width.php","meta":{"footnotes":""},"class_list":["post-48438","page","type-page","status-publish","has-post-thumbnail","hentry"],"yoast_head":"<!-- This site is optimized with the Yoast SEO Premium plugin v27.3 (Yoast SEO v27.3) - https:\/\/yoast.com\/product\/yoast-seo-premium-wordpress\/ -->\n<title>Hydradermabrasion | Dermaclear| Belgrade<\/title>\n<meta name=\"description\" content=\"Hydradermabrasion with DermaClear- one device for 3 skin treatments at once! Peeling, facial cleansing and hydration for all skin types!\" \/>\n<meta name=\"robots\" content=\"index, follow, max-snippet:-1, max-image-preview:large, max-video-preview:-1\" \/>\n<link rel=\"canonical\" href=\"https:\/\/estetika-bg.com\/en\/procedures\/hydradermabrasion\/\" \/>\n<script type=\"application\/ld+json\" class=\"yoast-schema-graph\">{\"@context\":\"https:\\\/\\\/schema.org\",\"@graph\":[{\"@type\":\"WebPage\",\"@id\":\"https:\\\/\\\/estetika-bg.com\\\/en\\\/procedures\\\/hydradermabrasion\\\/\",\"url\":\"https:\\\/\\\/estetika-bg.com\\\/en\\\/procedures\\\/hydradermabrasion\\\/\",\"name\":\"Hydradermabrasion | Dermaclear| Belgrade\",\"isPartOf\":{\"@id\":\"https:\\\/\\\/estetika-bg.com\\\/en\\\/#website\"},\"primaryImageOfPage\":{\"@id\":\"https:\\\/\\\/estetika-bg.com\\\/en\\\/procedures\\\/hydradermabrasion\\\/#primaryimage\"},\"image\":{\"@id\":\"https:\\\/\\\/estetika-bg.com\\\/en\\\/procedures\\\/hydradermabrasion\\\/#primaryimage\"},\"thumbnailUrl\":\"https:\\\/\\\/estetika-bg.com\\\/wp-content\\\/uploads\\\/2022\\\/12\\\/alma-dermaclear-tretman-1.jpg\",\"datePublished\":\"2021-08-03T13:33:49+00:00\",\"dateModified\":\"2023-07-26T19:43:27+00:00\",\"description\":\"Hydradermabrasion with DermaClear- one device for 3 skin treatments at once! Peeling, facial cleansing and hydration for all skin types!\",\"breadcrumb\":{\"@id\":\"https:\\\/\\\/estetika-bg.com\\\/en\\\/procedures\\\/hydradermabrasion\\\/#breadcrumb\"},\"inLanguage\":\"en-US\",\"potentialAction\":[{\"@type\":\"ReadAction\",\"target\":[\"https:\\\/\\\/estetika-bg.com\\\/en\\\/procedures\\\/hydradermabrasion\\\/\"]}]},{\"@type\":\"ImageObject\",\"inLanguage\":\"en-US\",\"@id\":\"https:\\\/\\\/estetika-bg.com\\\/en\\\/procedures\\\/hydradermabrasion\\\/#primaryimage\",\"url\":\"https:\\\/\\\/estetika-bg.com\\\/wp-content\\\/uploads\\\/2022\\\/12\\\/alma-dermaclear-tretman-1.jpg\",\"contentUrl\":\"https:\\\/\\\/estetika-bg.com\\\/wp-content\\\/uploads\\\/2022\\\/12\\\/alma-dermaclear-tretman-1.jpg\",\"width\":2000,\"height\":769,\"caption\":\"alma dermaclear tretman\"},{\"@type\":\"BreadcrumbList\",\"@id\":\"https:\\\/\\\/estetika-bg.com\\\/en\\\/procedures\\\/hydradermabrasion\\\/#breadcrumb\",\"itemListElement\":[{\"@type\":\"ListItem\",\"position\":1,\"name\":\"Po\u010detna\",\"item\":\"https:\\\/\\\/estetika-bg.com\\\/en\\\/\"},{\"@type\":\"ListItem\",\"position\":2,\"name\":\"Aesthetic and antiaging procedures\",\"item\":\"https:\\\/\\\/estetika-bg.com\\\/en\\\/procedures\\\/\"},{\"@type\":\"ListItem\",\"position\":3,\"name\":\"DermaClear facial treatment\"}]},{\"@type\":\"WebSite\",\"@id\":\"https:\\\/\\\/estetika-bg.com\\\/en\\\/#website\",\"url\":\"https:\\\/\\\/estetika-bg.com\\\/en\\\/\",\"name\":\"Dr Milo\u0161 \u017divkovi\u0107\",\"description\":\"Estetska i antiage medicina | Hijaluronski fileri | Pove\u0107avanje i popunjavanje usana  | Uklanjanje podo\u010dnjaka i bora | Lifting lica| Podmla\u0111ivanje\",\"publisher\":{\"@id\":\"https:\\\/\\\/estetika-bg.com\\\/en\\\/#organization\"},\"alternateName\":\"Estetska medicina Beograd\",\"potentialAction\":[{\"@type\":\"SearchAction\",\"target\":{\"@type\":\"EntryPoint\",\"urlTemplate\":\"https:\\\/\\\/estetika-bg.com\\\/en\\\/?s={search_term_string}\"},\"query-input\":{\"@type\":\"PropertyValueSpecification\",\"valueRequired\":true,\"valueName\":\"search_term_string\"}}],\"inLanguage\":\"en-US\"},{\"@type\":\"Organization\",\"@id\":\"https:\\\/\\\/estetika-bg.com\\\/en\\\/#organization\",\"name\":\"Estetska i antiage medicina Beograd\",\"alternateName\":\"Estetska medicina Beograd\",\"url\":\"https:\\\/\\\/estetika-bg.com\\\/en\\\/\",\"logo\":{\"@type\":\"ImageObject\",\"inLanguage\":\"en-US\",\"@id\":\"https:\\\/\\\/estetika-bg.com\\\/en\\\/#\\\/schema\\\/logo\\\/image\\\/\",\"url\":\"https:\\\/\\\/estetika-bg.com\\\/wp-content\\\/uploads\\\/2021\\\/05\\\/DR-MILOS-ZIVKOVIC.png\",\"contentUrl\":\"https:\\\/\\\/estetika-bg.com\\\/wp-content\\\/uploads\\\/2021\\\/05\\\/DR-MILOS-ZIVKOVIC.png\",\"width\":307,\"height\":59,\"caption\":\"Estetska i antiage medicina Beograd\"},\"image\":{\"@id\":\"https:\\\/\\\/estetika-bg.com\\\/en\\\/#\\\/schema\\\/logo\\\/image\\\/\"},\"sameAs\":[\"https:\\\/\\\/www.facebook.com\\\/drMilosZivkovic\\\/\",\"https:\\\/\\\/www.instagram.com\\\/drmiloszivkovic\\\/\",\"https:\\\/\\\/www.youtube.com\\\/channel\\\/UCAhAWPGLOriEpIWK5WIvi-Q\",\"https:\\\/\\\/www.tiktok.com\\\/@dr_miloszivkovic\\\/\"]}]}<\/script>\n<!-- \/ Yoast SEO Premium plugin. -->","yoast_head_json":{"title":"Hydradermabrasion | Dermaclear| Belgrade","description":"Hydradermabrasion with DermaClear- one device for 3 skin treatments at once! Peeling, facial cleansing and hydration for all skin types!","robots":{"index":"index","follow":"follow","max-snippet":"max-snippet:-1","max-image-preview":"max-image-preview:large","max-video-preview":"max-video-preview:-1"},"canonical":"https:\/\/estetika-bg.com\/en\/procedures\/hydradermabrasion\/","schema":{"@context":"https:\/\/schema.org","@graph":[{"@type":"WebPage","@id":"https:\/\/estetika-bg.com\/en\/procedures\/hydradermabrasion\/","url":"https:\/\/estetika-bg.com\/en\/procedures\/hydradermabrasion\/","name":"Hydradermabrasion | Dermaclear| Belgrade","isPartOf":{"@id":"https:\/\/estetika-bg.com\/en\/#website"},"primaryImageOfPage":{"@id":"https:\/\/estetika-bg.com\/en\/procedures\/hydradermabrasion\/#primaryimage"},"image":{"@id":"https:\/\/estetika-bg.com\/en\/procedures\/hydradermabrasion\/#primaryimage"},"thumbnailUrl":"https:\/\/estetika-bg.com\/wp-content\/uploads\/2022\/12\/alma-dermaclear-tretman-1.jpg","datePublished":"2021-08-03T13:33:49+00:00","dateModified":"2023-07-26T19:43:27+00:00","description":"Hydradermabrasion with DermaClear- one device for 3 skin treatments at once! Peeling, facial cleansing and hydration for all skin types!","breadcrumb":{"@id":"https:\/\/estetika-bg.com\/en\/procedures\/hydradermabrasion\/#breadcrumb"},"inLanguage":"en-US","potentialAction":[{"@type":"ReadAction","target":["https:\/\/estetika-bg.com\/en\/procedures\/hydradermabrasion\/"]}]},{"@type":"ImageObject","inLanguage":"en-US","@id":"https:\/\/estetika-bg.com\/en\/procedures\/hydradermabrasion\/#primaryimage","url":"https:\/\/estetika-bg.com\/wp-content\/uploads\/2022\/12\/alma-dermaclear-tretman-1.jpg","contentUrl":"https:\/\/estetika-bg.com\/wp-content\/uploads\/2022\/12\/alma-dermaclear-tretman-1.jpg","width":2000,"height":769,"caption":"alma dermaclear tretman"},{"@type":"BreadcrumbList","@id":"https:\/\/estetika-bg.com\/en\/procedures\/hydradermabrasion\/#breadcrumb","itemListElement":[{"@type":"ListItem","position":1,"name":"Po\u010detna","item":"https:\/\/estetika-bg.com\/en\/"},{"@type":"ListItem","position":2,"name":"Aesthetic and antiaging procedures","item":"https:\/\/estetika-bg.com\/en\/procedures\/"},{"@type":"ListItem","position":3,"name":"DermaClear facial treatment"}]},{"@type":"WebSite","@id":"https:\/\/estetika-bg.com\/en\/#website","url":"https:\/\/estetika-bg.com\/en\/","name":"Dr Milo\u0161 \u017divkovi\u0107","description":"Estetska i antiage medicina | Hijaluronski fileri | Pove\u0107avanje i popunjavanje usana  | Uklanjanje podo\u010dnjaka i bora | Lifting lica| Podmla\u0111ivanje","publisher":{"@id":"https:\/\/estetika-bg.com\/en\/#organization"},"alternateName":"Estetska medicina Beograd","potentialAction":[{"@type":"SearchAction","target":{"@type":"EntryPoint","urlTemplate":"https:\/\/estetika-bg.com\/en\/?s={search_term_string}"},"query-input":{"@type":"PropertyValueSpecification","valueRequired":true,"valueName":"search_term_string"}}],"inLanguage":"en-US"},{"@type":"Organization","@id":"https:\/\/estetika-bg.com\/en\/#organization","name":"Estetska i antiage medicina Beograd","alternateName":"Estetska medicina Beograd","url":"https:\/\/estetika-bg.com\/en\/","logo":{"@type":"ImageObject","inLanguage":"en-US","@id":"https:\/\/estetika-bg.com\/en\/#\/schema\/logo\/image\/","url":"https:\/\/estetika-bg.com\/wp-content\/uploads\/2021\/05\/DR-MILOS-ZIVKOVIC.png","contentUrl":"https:\/\/estetika-bg.com\/wp-content\/uploads\/2021\/05\/DR-MILOS-ZIVKOVIC.png","width":307,"height":59,"caption":"Estetska i antiage medicina Beograd"},"image":{"@id":"https:\/\/estetika-bg.com\/en\/#\/schema\/logo\/image\/"},"sameAs":["https:\/\/www.facebook.com\/drMilosZivkovic\/","https:\/\/www.instagram.com\/drmiloszivkovic\/","https:\/\/www.youtube.com\/channel\/UCAhAWPGLOriEpIWK5WIvi-Q","https:\/\/www.tiktok.com\/@dr_miloszivkovic\/"]}]}},"_links":{"self":[{"href":"https:\/\/estetika-bg.com\/en\/wp-json\/wp\/v2\/pages\/48438","targetHints":{"allow":["GET"]}}],"collection":[{"href":"https:\/\/estetika-bg.com\/en\/wp-json\/wp\/v2\/pages"}],"about":[{"href":"https:\/\/estetika-bg.com\/en\/wp-json\/wp\/v2\/types\/page"}],"author":[{"embeddable":true,"href":"https:\/\/estetika-bg.com\/en\/wp-json\/wp\/v2\/users\/1"}],"replies":[{"embeddable":true,"href":"https:\/\/estetika-bg.com\/en\/wp-json\/wp\/v2\/comments?post=48438"}],"version-history":[{"count":0,"href":"https:\/\/estetika-bg.com\/en\/wp-json\/wp\/v2\/pages\/48438\/revisions"}],"up":[{"embeddable":true,"href":"https:\/\/estetika-bg.com\/en\/wp-json\/wp\/v2\/pages\/48496"}],"wp:featuredmedia":[{"embeddable":true,"href":"https:\/\/estetika-bg.com\/en\/wp-json\/wp\/v2\/media\/47625"}],"wp:attachment":[{"href":"https:\/\/estetika-bg.com\/en\/wp-json\/wp\/v2\/media?parent=48438"}],"curies":[{"name":"wp","href":"https:\/\/api.w.org\/{rel}","templated":true}]}}