{"id":48107,"date":"2022-11-13T09:02:20","date_gmt":"2022-11-13T09:02:20","guid":{"rendered":"https:\/\/estetika-bg.com\/dr-tamara-simic\/"},"modified":"2023-05-30T16:26:10","modified_gmt":"2023-05-30T16:26:10","slug":"dr-tamara-simic","status":"publish","type":"page","link":"https:\/\/estetika-bg.com\/en\/dr-tamara-simic\/","title":{"rendered":"Dr Tamara \u0160imi\u0107"},"content":{"rendered":"<div class=\"fusion-fullwidth fullwidth-box fusion-builder-row-1 fusion-flex-container nonhundred-percent-fullwidth non-hundred-percent-height-scrolling\" style=\"--awb-border-radius-top-left:0px;--awb-border-radius-top-right:0px;--awb-border-radius-bottom-right:0px;--awb-border-radius-bottom-left:0px;--awb-flex-wrap:wrap;\" ><div class=\"fusion-builder-row fusion-row fusion-flex-align-items-flex-start fusion-flex-content-wrap\" style=\"max-width:1430px;margin-left: calc(-4% \/ 2 );margin-right: calc(-4% \/ 2 );\"><div class=\"fusion-layout-column fusion_builder_column fusion-builder-column-0 fusion_builder_column_1_1 1_1 fusion-flex-column fusion-no-large-visibility\" style=\"--awb-bg-size:cover;--awb-width-large:100%;--awb-margin-top-large:0px;--awb-spacing-right-large:1.92%;--awb-margin-bottom-large:0px;--awb-spacing-left-large:1.92%;--awb-width-medium:100%;--awb-spacing-right-medium:1.92%;--awb-spacing-left-medium:1.92%;--awb-width-small:100%;--awb-spacing-right-small:1.92%;--awb-spacing-left-small:1.92%;\"><div class=\"fusion-column-wrapper fusion-column-has-shadow fusion-flex-justify-content-flex-start fusion-content-layout-column\"><div class=\"fusion-separator fusion-full-width-sep\" style=\"align-self: center;margin-left: auto;margin-right: auto;margin-bottom:3%;width:100%;\"><\/div><\/div><\/div><div class=\"fusion-layout-column fusion_builder_column fusion-builder-column-1 fusion_builder_column_1_2 1_2 fusion-flex-column\" style=\"--awb-bg-size:cover;--awb-width-large:50%;--awb-margin-top-large:0px;--awb-spacing-right-large:8.64%;--awb-margin-bottom-large:7%;--awb-spacing-left-large:3.84%;--awb-width-medium:100%;--awb-spacing-right-medium:1.92%;--awb-spacing-left-medium:1.92%;--awb-width-small:100%;--awb-spacing-right-small:1.92%;--awb-spacing-left-small:1.92%;\"><div class=\"fusion-column-wrapper fusion-column-has-shadow fusion-flex-justify-content-flex-start fusion-content-layout-column\"><div class=\"fusion-separator fusion-full-width-sep\" style=\"align-self: center;margin-left: auto;margin-right: auto;margin-bottom:3%;width:100%;\"><\/div><div class=\"fusion-separator fusion-full-width-sep\" style=\"align-self: center;margin-left: auto;margin-right: auto;width:100%;\"><\/div><div class=\"fusion-image-element \" style=\"--awb-liftup-border-radius:0px;--awb-caption-title-font-family:var(--h2_typography-font-family);--awb-caption-title-font-weight:var(--h2_typography-font-weight);--awb-caption-title-font-style:var(--h2_typography-font-style);--awb-caption-title-size:var(--h2_typography-font-size);--awb-caption-title-transform:var(--h2_typography-text-transform);--awb-caption-title-line-height:var(--h2_typography-line-height);--awb-caption-title-letter-spacing:var(--h2_typography-letter-spacing);\"><div class=\"awb-image-frame awb-image-frame-1 imageframe-liftup fusion-animated\" data-animationType=\"fadeIn\" data-animationDuration=\"1.0\" data-animationOffset=\"top-into-view\"><span class=\" fusion-imageframe imageframe-none imageframe-1\"><img decoding=\"async\" width=\"1600\" height=\"2170\" alt=\"Dr. Milo\u0161 \u017divkovi\u0107 aesthetic medicine\" title=\"Dr Tamara \u0160imi\u0107\" src=\"https:\/\/estetika-bg.com\/wp-content\/uploads\/2022\/12\/Dr-Tamara-Simic.jpg\" data-orig-src=\"https:\/\/estetika-bg.com\/wp-content\/uploads\/2022\/12\/Dr-Tamara-Simic.jpg\" class=\"lazyload img-responsive wp-image-47729\" srcset=\"data:image\/svg+xml,%3Csvg%20xmlns%3D%27http%3A%2F%2Fwww.w3.org%2F2000%2Fsvg%27%20width%3D%271600%27%20height%3D%272170%27%20viewBox%3D%270%200%201600%202170%27%3E%3Crect%20width%3D%271600%27%20height%3D%272170%27%20fill-opacity%3D%220%22%2F%3E%3C%2Fsvg%3E\" data-srcset=\"https:\/\/estetika-bg.com\/wp-content\/uploads\/2022\/12\/Dr-Tamara-Simic-200x271.jpg 200w, https:\/\/estetika-bg.com\/wp-content\/uploads\/2022\/12\/Dr-Tamara-Simic-400x543.jpg 400w, https:\/\/estetika-bg.com\/wp-content\/uploads\/2022\/12\/Dr-Tamara-Simic-600x814.jpg 600w, https:\/\/estetika-bg.com\/wp-content\/uploads\/2022\/12\/Dr-Tamara-Simic-800x1085.jpg 800w, https:\/\/estetika-bg.com\/wp-content\/uploads\/2022\/12\/Dr-Tamara-Simic-1200x1628.jpg 1200w, https:\/\/estetika-bg.com\/wp-content\/uploads\/2022\/12\/Dr-Tamara-Simic.jpg 1600w\" data-sizes=\"auto\" data-orig-sizes=\"(max-width: 1024px) 100vw, (max-width: 640px) 100vw, 800px\" \/><\/span><\/div><\/div><div class=\"fusion-title title fusion-title-1 fusion-sep-none fusion-title-text fusion-title-size-three\" style=\"--awb-margin-top-small:0px;--awb-margin-right-small:0px;--awb-margin-bottom-small:20px;--awb-margin-left-small:0px;\"><h3 class=\"fusion-title-heading title-heading-left fusion-responsive-typography-calculated\" style=\"margin:0;--fontSize:31;line-height:1.5;\"><span style=\"font-family: Lora;\"><i>Let&#8217;s keep in touch:<\/i><\/span><\/h3><\/div><div class=\"fusion-social-links fusion-social-links-1\" style=\"--awb-margin-top:0px;--awb-margin-right:0px;--awb-margin-bottom:0px;--awb-margin-left:0px;--awb-box-border-top:0px;--awb-box-border-right:0px;--awb-box-border-bottom:0px;--awb-box-border-left:0px;--awb-icon-colors-hover:rgba(255,255,255,0.8);--awb-box-colors-hover:rgba(3,3,3,0.8);--awb-box-border-color:var(--awb-color3);--awb-box-border-color-hover:var(--awb-color4);\"><div class=\"fusion-social-networks boxed-icons color-type-custom\"><div class=\"fusion-social-networks-wrapper\"><a class=\"fusion-social-network-icon fusion-tooltip fusion-instagram awb-icon-instagram\" style=\"color:#ffffff;font-size:15px;width:15px;background-color:#030303;border-color:#030303;border-radius:30px;\" data-placement=\"top\" data-title=\"Instagram\" data-toggle=\"tooltip\" title=\"Instagram\" aria-label=\"instagram\" target=\"_blank\" rel=\"noopener noreferrer\" href=\"https:\/\/www.instagram.com\/ordinacija.imedic\/\"><\/a><a class=\"fusion-social-network-icon fusion-tooltip fusion-facebook awb-icon-facebook\" style=\"color:#ffffff;font-size:15px;width:15px;background-color:#030303;border-color:#030303;border-radius:30px;\" data-placement=\"top\" data-title=\"Facebook\" data-toggle=\"tooltip\" title=\"Facebook\" aria-label=\"facebook\" target=\"_blank\" rel=\"noopener noreferrer\" href=\"https:\/\/www.facebook.com\/IMEDICBEOGRAD\"><\/a><a class=\"fusion-social-network-icon fusion-tooltip fusion-blogger awb-icon-blogger\" style=\"color:#ffffff;font-size:15px;width:15px;background-color:#030303;border-color:#030303;border-radius:30px;\" data-placement=\"top\" data-title=\"Blogger\" data-toggle=\"tooltip\" title=\"Blogger\" aria-label=\"blogger\" target=\"_blank\" rel=\"noopener noreferrer\" href=\"https:\/\/imedic.rs\/\"><\/a><a class=\"fusion-social-network-icon fusion-tooltip fusion-mail awb-icon-mail\" style=\"color:#ffffff;font-size:15px;width:15px;background-color:#030303;border-color:#030303;border-radius:30px;\" data-placement=\"top\" data-title=\"Email\" data-toggle=\"tooltip\" title=\"Email\" aria-label=\"mail\" target=\"_blank\" rel=\"noopener noreferrer\" href=\"mailto:i&#109;&#101;&#100;&#105;&#099;&#046;&#114;s&#064;&#103;&#109;&#097;&#105;l.co&#109;\"><\/a><a class=\"fusion-social-network-icon fusion-tooltip fusion-phone awb-icon-phone\" style=\"color:#ffffff;font-size:15px;width:15px;background-color:#030303;border-color:#030303;border-radius:30px;\" data-placement=\"top\" data-title=\"Phone\" data-toggle=\"tooltip\" title=\"Phone\" aria-label=\"phone\" target=\"_self\" rel=\"noopener noreferrer\" href=\"tel:0642370707\"><\/a><\/div><\/div><\/div><div class=\"fusion-separator fusion-full-width-sep\" style=\"align-self: center;margin-left: auto;margin-right: auto;margin-bottom:3%;width:100%;\"><\/div><\/div><\/div><div class=\"fusion-layout-column fusion_builder_column fusion-builder-column-2 fusion_builder_column_1_2 1_2 fusion-flex-column fusion-animated\" style=\"--awb-padding-top:8%;--awb-padding-right:8%;--awb-padding-bottom:8%;--awb-padding-top-medium:0px;--awb-padding-bottom-medium:0px;--awb-bg-size:cover;--awb-width-large:50%;--awb-margin-top-large:0px;--awb-spacing-right-large:3.84%;--awb-margin-bottom-large:7%;--awb-spacing-left-large:8.64%;--awb-width-medium:100%;--awb-spacing-right-medium:1.92%;--awb-margin-bottom-medium:70px;--awb-spacing-left-medium:1.92%;--awb-width-small:100%;--awb-spacing-right-small:1.92%;--awb-spacing-left-small:1.92%;\" data-animationType=\"fadeInUp\" data-animationDuration=\"1.0\" data-animationOffset=\"top-into-view\"><div class=\"fusion-column-wrapper fusion-column-has-shadow fusion-flex-justify-content-flex-start fusion-content-layout-column\"><div class=\"fusion-title title fusion-title-2 fusion-sep-none fusion-title-text fusion-title-size-six\" style=\"--awb-margin-bottom:5%;--awb-margin-top-small:0px;--awb-margin-right-small:0px;--awb-margin-bottom-small:20px;--awb-margin-left-small:0px;\"><h6 class=\"fusion-title-heading title-heading-left fusion-responsive-typography-calculated\" style=\"margin:0;--fontSize:14;--minFontSize:14;line-height:2.5;\">CERTIFIED DOCTOR OF AESTHETIC AND ANTI-AGE MEDICINE<\/h6><\/div><div class=\"fusion-title title fusion-title-3 fusion-sep-none fusion-title-text fusion-title-size-two\" style=\"--awb-margin-top-small:0px;--awb-margin-right-small:0px;--awb-margin-bottom-small:20px;--awb-margin-left-small:0px;--awb-font-size:70px;\"><h2 class=\"fusion-title-heading title-heading-left fusion-responsive-typography-calculated\" style=\"margin:0;font-size:1em;--fontSize:70;line-height:1.2;\">Dr Tamara \u0160imi\u0107<\/h2><\/div><div class=\"fusion-separator\" style=\"align-self: flex-start;margin-right:auto;margin-bottom:8%;width:100%;max-width:70px;\"><div class=\"fusion-separator-border sep-single sep-solid\" style=\"--awb-height:20px;--awb-amount:20px;border-color:#e0dede;border-top-width:1px;\"><\/div><\/div><div class=\"fusion-text fusion-text-1\"><p>Dr Tamara \u0160imi\u0107 graduated from the Faculty of Medical Sciences in Kragujevac in 2017, with an average grade of 8.15. Following an internship at the Clinical Center of Serbia in Belgrade, she gained valuable experience working as a general practitioner in Slovakia. Upon returning to Serbia, she further specialized in <a href=\"https:\/\/estetika-bg.com\/en\/procedures\/lasers-and-laser-treatments\/\">lasers<\/a> in aesthetic medicine. She has achieved remarkable results by undergoing training as a nutritionist and creating personalized diet plans for individuals.<\/p>\n<\/div><div class=\"fusion-separator fusion-full-width-sep\" style=\"align-self: center;margin-left: auto;margin-right: auto;margin-bottom:3%;width:100%;\"><\/div><div class=\"fusion-title title fusion-title-4 fusion-sep-none fusion-title-text fusion-title-size-three\" style=\"--awb-margin-top-small:0px;--awb-margin-right-small:0px;--awb-margin-bottom-small:20px;--awb-margin-left-small:0px;\"><h3 class=\"fusion-title-heading title-heading-left fusion-responsive-typography-calculated\" style=\"margin:0;--fontSize:31;line-height:1.5;\"><span style=\"font-family: Lora;\"><i>Certificates and congresses<\/i><\/span><\/h3><\/div><div class=\"fusion-separator\" style=\"align-self: flex-start;margin-right:auto;margin-bottom:8%;width:100%;max-width:70px;\"><div class=\"fusion-separator-border sep-single sep-solid\" style=\"--awb-height:20px;--awb-amount:20px;border-color:#e0dede;border-top-width:1px;\"><\/div><\/div><div class=\"fusion-text fusion-text-2\"><p>Electromagnetic radiation and lasers, application in aesthetic medicine, BT Aesthetic Surgery Center, May 2021, Belgrade.<\/p>\n<p>Restylane workshop, application of Restylane hyaluronic fillers, Belgrade.<\/p>\n<p>Training course about peelings, practical &amp; theoretical. International Plastic Aesthetic Residence &#8220;IPAR&#8221;, Skin tech pharma group, Belgrade.<\/p>\n<p>Certificate for medre approach in skin rejuvenation. Sesiam association, September 2022, Belgrade.<\/p>\n<p>Certificate for the modern concept of using collagen and collagen-stimulating fillers in aesthetic medicine, Sesiam association, September 2022, Belgrade.<\/p>\n<p>MD codes foundation, Allergan Hands-on Workshop, Allergan Medical Institute, September 2022, Belgrade.<\/p>\n<\/div><div class=\"fusion-separator fusion-full-width-sep\" style=\"align-self: center;margin-left: auto;margin-right: auto;margin-bottom:3%;width:100%;\"><\/div><div class=\"fusion-separator fusion-full-width-sep\" style=\"align-self: center;margin-left: auto;margin-right: auto;margin-bottom:3%;width:100%;\"><\/div><\/div><\/div><\/div><\/div>\n","protected":false},"excerpt":{"rendered":"","protected":false},"author":1,"featured_media":51098,"parent":0,"menu_order":3,"comment_status":"closed","ping_status":"closed","template":"100-width.php","meta":{"footnotes":""},"class_list":["post-48107","page","type-page","status-publish","has-post-thumbnail","hentry"],"yoast_head":"<!-- This site is optimized with the Yoast SEO Premium plugin v27.3 (Yoast SEO v27.3) - https:\/\/yoast.com\/product\/yoast-seo-premium-wordpress\/ -->\n<title>Dr Tamara \u0160imi\u0107- Aesthetic and antiaging medicine | Belgrade<\/title>\n<meta name=\"description\" content=\"Dr Tamara \u0160imi\u0107, doctor of aesthetic and antiaging medicine, lasers speacialist (Harmony, Morpheus 8, CO2). Years of experience.\" \/>\n<meta name=\"robots\" content=\"index, follow, max-snippet:-1, max-image-preview:large, max-video-preview:-1\" \/>\n<link rel=\"canonical\" href=\"https:\/\/estetika-bg.com\/en\/dr-tamara-simic\/\" \/>\n<script type=\"application\/ld+json\" class=\"yoast-schema-graph\">{\"@context\":\"https:\\\/\\\/schema.org\",\"@graph\":[{\"@type\":\"WebPage\",\"@id\":\"https:\\\/\\\/estetika-bg.com\\\/en\\\/dr-tamara-simic\\\/\",\"url\":\"https:\\\/\\\/estetika-bg.com\\\/en\\\/dr-tamara-simic\\\/\",\"name\":\"Dr Tamara \u0160imi\u0107- Aesthetic and antiaging medicine | Belgrade\",\"isPartOf\":{\"@id\":\"https:\\\/\\\/estetika-bg.com\\\/en\\\/#website\"},\"primaryImageOfPage\":{\"@id\":\"https:\\\/\\\/estetika-bg.com\\\/en\\\/dr-tamara-simic\\\/#primaryimage\"},\"image\":{\"@id\":\"https:\\\/\\\/estetika-bg.com\\\/en\\\/dr-tamara-simic\\\/#primaryimage\"},\"thumbnailUrl\":\"https:\\\/\\\/estetika-bg.com\\\/wp-content\\\/uploads\\\/2023\\\/02\\\/lasersko-uklanjanje-podbratka-beograd.jpg\",\"datePublished\":\"2022-11-13T09:02:20+00:00\",\"dateModified\":\"2023-05-30T16:26:10+00:00\",\"description\":\"Dr Tamara \u0160imi\u0107, doctor of aesthetic and antiaging medicine, lasers speacialist (Harmony, Morpheus 8, CO2). Years of experience.\",\"breadcrumb\":{\"@id\":\"https:\\\/\\\/estetika-bg.com\\\/en\\\/dr-tamara-simic\\\/#breadcrumb\"},\"inLanguage\":\"en-US\",\"potentialAction\":[{\"@type\":\"ReadAction\",\"target\":[\"https:\\\/\\\/estetika-bg.com\\\/en\\\/dr-tamara-simic\\\/\"]}]},{\"@type\":\"ImageObject\",\"inLanguage\":\"en-US\",\"@id\":\"https:\\\/\\\/estetika-bg.com\\\/en\\\/dr-tamara-simic\\\/#primaryimage\",\"url\":\"https:\\\/\\\/estetika-bg.com\\\/wp-content\\\/uploads\\\/2023\\\/02\\\/lasersko-uklanjanje-podbratka-beograd.jpg\",\"contentUrl\":\"https:\\\/\\\/estetika-bg.com\\\/wp-content\\\/uploads\\\/2023\\\/02\\\/lasersko-uklanjanje-podbratka-beograd.jpg\",\"width\":2000,\"height\":769,\"caption\":\"lasersko uklanjanje podbratka beograd\"},{\"@type\":\"BreadcrumbList\",\"@id\":\"https:\\\/\\\/estetika-bg.com\\\/en\\\/dr-tamara-simic\\\/#breadcrumb\",\"itemListElement\":[{\"@type\":\"ListItem\",\"position\":1,\"name\":\"Po\u010detna\",\"item\":\"https:\\\/\\\/estetika-bg.com\\\/en\\\/\"},{\"@type\":\"ListItem\",\"position\":2,\"name\":\"Dr Tamara \u0160imi\u0107\"}]},{\"@type\":\"WebSite\",\"@id\":\"https:\\\/\\\/estetika-bg.com\\\/en\\\/#website\",\"url\":\"https:\\\/\\\/estetika-bg.com\\\/en\\\/\",\"name\":\"Dr Milo\u0161 \u017divkovi\u0107\",\"description\":\"Estetska i antiage medicina | Hijaluronski fileri | Pove\u0107avanje i popunjavanje usana  | Uklanjanje podo\u010dnjaka i bora | Lifting lica| Podmla\u0111ivanje\",\"publisher\":{\"@id\":\"https:\\\/\\\/estetika-bg.com\\\/en\\\/#organization\"},\"alternateName\":\"Estetska medicina Beograd\",\"potentialAction\":[{\"@type\":\"SearchAction\",\"target\":{\"@type\":\"EntryPoint\",\"urlTemplate\":\"https:\\\/\\\/estetika-bg.com\\\/en\\\/?s={search_term_string}\"},\"query-input\":{\"@type\":\"PropertyValueSpecification\",\"valueRequired\":true,\"valueName\":\"search_term_string\"}}],\"inLanguage\":\"en-US\"},{\"@type\":\"Organization\",\"@id\":\"https:\\\/\\\/estetika-bg.com\\\/en\\\/#organization\",\"name\":\"Estetska i antiage medicina Beograd\",\"alternateName\":\"Estetska medicina Beograd\",\"url\":\"https:\\\/\\\/estetika-bg.com\\\/en\\\/\",\"logo\":{\"@type\":\"ImageObject\",\"inLanguage\":\"en-US\",\"@id\":\"https:\\\/\\\/estetika-bg.com\\\/en\\\/#\\\/schema\\\/logo\\\/image\\\/\",\"url\":\"https:\\\/\\\/estetika-bg.com\\\/wp-content\\\/uploads\\\/2021\\\/05\\\/DR-MILOS-ZIVKOVIC.png\",\"contentUrl\":\"https:\\\/\\\/estetika-bg.com\\\/wp-content\\\/uploads\\\/2021\\\/05\\\/DR-MILOS-ZIVKOVIC.png\",\"width\":307,\"height\":59,\"caption\":\"Estetska i antiage medicina Beograd\"},\"image\":{\"@id\":\"https:\\\/\\\/estetika-bg.com\\\/en\\\/#\\\/schema\\\/logo\\\/image\\\/\"},\"sameAs\":[\"https:\\\/\\\/www.facebook.com\\\/drMilosZivkovic\\\/\",\"https:\\\/\\\/www.instagram.com\\\/drmiloszivkovic\\\/\",\"https:\\\/\\\/www.youtube.com\\\/channel\\\/UCAhAWPGLOriEpIWK5WIvi-Q\",\"https:\\\/\\\/www.tiktok.com\\\/@dr_miloszivkovic\\\/\"]}]}<\/script>\n<!-- \/ Yoast SEO Premium plugin. -->","yoast_head_json":{"title":"Dr Tamara \u0160imi\u0107- Aesthetic and antiaging medicine | Belgrade","description":"Dr Tamara \u0160imi\u0107, doctor of aesthetic and antiaging medicine, lasers speacialist (Harmony, Morpheus 8, CO2). Years of experience.","robots":{"index":"index","follow":"follow","max-snippet":"max-snippet:-1","max-image-preview":"max-image-preview:large","max-video-preview":"max-video-preview:-1"},"canonical":"https:\/\/estetika-bg.com\/en\/dr-tamara-simic\/","schema":{"@context":"https:\/\/schema.org","@graph":[{"@type":"WebPage","@id":"https:\/\/estetika-bg.com\/en\/dr-tamara-simic\/","url":"https:\/\/estetika-bg.com\/en\/dr-tamara-simic\/","name":"Dr Tamara \u0160imi\u0107- Aesthetic and antiaging medicine | Belgrade","isPartOf":{"@id":"https:\/\/estetika-bg.com\/en\/#website"},"primaryImageOfPage":{"@id":"https:\/\/estetika-bg.com\/en\/dr-tamara-simic\/#primaryimage"},"image":{"@id":"https:\/\/estetika-bg.com\/en\/dr-tamara-simic\/#primaryimage"},"thumbnailUrl":"https:\/\/estetika-bg.com\/wp-content\/uploads\/2023\/02\/lasersko-uklanjanje-podbratka-beograd.jpg","datePublished":"2022-11-13T09:02:20+00:00","dateModified":"2023-05-30T16:26:10+00:00","description":"Dr Tamara \u0160imi\u0107, doctor of aesthetic and antiaging medicine, lasers speacialist (Harmony, Morpheus 8, CO2). Years of experience.","breadcrumb":{"@id":"https:\/\/estetika-bg.com\/en\/dr-tamara-simic\/#breadcrumb"},"inLanguage":"en-US","potentialAction":[{"@type":"ReadAction","target":["https:\/\/estetika-bg.com\/en\/dr-tamara-simic\/"]}]},{"@type":"ImageObject","inLanguage":"en-US","@id":"https:\/\/estetika-bg.com\/en\/dr-tamara-simic\/#primaryimage","url":"https:\/\/estetika-bg.com\/wp-content\/uploads\/2023\/02\/lasersko-uklanjanje-podbratka-beograd.jpg","contentUrl":"https:\/\/estetika-bg.com\/wp-content\/uploads\/2023\/02\/lasersko-uklanjanje-podbratka-beograd.jpg","width":2000,"height":769,"caption":"lasersko uklanjanje podbratka beograd"},{"@type":"BreadcrumbList","@id":"https:\/\/estetika-bg.com\/en\/dr-tamara-simic\/#breadcrumb","itemListElement":[{"@type":"ListItem","position":1,"name":"Po\u010detna","item":"https:\/\/estetika-bg.com\/en\/"},{"@type":"ListItem","position":2,"name":"Dr Tamara \u0160imi\u0107"}]},{"@type":"WebSite","@id":"https:\/\/estetika-bg.com\/en\/#website","url":"https:\/\/estetika-bg.com\/en\/","name":"Dr Milo\u0161 \u017divkovi\u0107","description":"Estetska i antiage medicina | Hijaluronski fileri | Pove\u0107avanje i popunjavanje usana  | Uklanjanje podo\u010dnjaka i bora | Lifting lica| Podmla\u0111ivanje","publisher":{"@id":"https:\/\/estetika-bg.com\/en\/#organization"},"alternateName":"Estetska medicina Beograd","potentialAction":[{"@type":"SearchAction","target":{"@type":"EntryPoint","urlTemplate":"https:\/\/estetika-bg.com\/en\/?s={search_term_string}"},"query-input":{"@type":"PropertyValueSpecification","valueRequired":true,"valueName":"search_term_string"}}],"inLanguage":"en-US"},{"@type":"Organization","@id":"https:\/\/estetika-bg.com\/en\/#organization","name":"Estetska i antiage medicina Beograd","alternateName":"Estetska medicina Beograd","url":"https:\/\/estetika-bg.com\/en\/","logo":{"@type":"ImageObject","inLanguage":"en-US","@id":"https:\/\/estetika-bg.com\/en\/#\/schema\/logo\/image\/","url":"https:\/\/estetika-bg.com\/wp-content\/uploads\/2021\/05\/DR-MILOS-ZIVKOVIC.png","contentUrl":"https:\/\/estetika-bg.com\/wp-content\/uploads\/2021\/05\/DR-MILOS-ZIVKOVIC.png","width":307,"height":59,"caption":"Estetska i antiage medicina Beograd"},"image":{"@id":"https:\/\/estetika-bg.com\/en\/#\/schema\/logo\/image\/"},"sameAs":["https:\/\/www.facebook.com\/drMilosZivkovic\/","https:\/\/www.instagram.com\/drmiloszivkovic\/","https:\/\/www.youtube.com\/channel\/UCAhAWPGLOriEpIWK5WIvi-Q","https:\/\/www.tiktok.com\/@dr_miloszivkovic\/"]}]}},"_links":{"self":[{"href":"https:\/\/estetika-bg.com\/en\/wp-json\/wp\/v2\/pages\/48107","targetHints":{"allow":["GET"]}}],"collection":[{"href":"https:\/\/estetika-bg.com\/en\/wp-json\/wp\/v2\/pages"}],"about":[{"href":"https:\/\/estetika-bg.com\/en\/wp-json\/wp\/v2\/types\/page"}],"author":[{"embeddable":true,"href":"https:\/\/estetika-bg.com\/en\/wp-json\/wp\/v2\/users\/1"}],"replies":[{"embeddable":true,"href":"https:\/\/estetika-bg.com\/en\/wp-json\/wp\/v2\/comments?post=48107"}],"version-history":[{"count":0,"href":"https:\/\/estetika-bg.com\/en\/wp-json\/wp\/v2\/pages\/48107\/revisions"}],"wp:featuredmedia":[{"embeddable":true,"href":"https:\/\/estetika-bg.com\/en\/wp-json\/wp\/v2\/media\/51098"}],"wp:attachment":[{"href":"https:\/\/estetika-bg.com\/en\/wp-json\/wp\/v2\/media?parent=48107"}],"curies":[{"name":"wp","href":"https:\/\/api.w.org\/{rel}","templated":true}]}}